{"id":6504,"date":"2019-12-03T13:00:40","date_gmt":"2019-12-03T12:00:40","guid":{"rendered":"https:\/\/www.perfectvanwamel.com\/product\/tondeuse-avec-deport-total-modele-sv2-275\/"},"modified":"2019-12-03T13:00:40","modified_gmt":"2019-12-03T12:00:40","slug":"tondeuse-avec-deport-total-modele-sv2-275","status":"publish","type":"product","link":"https:\/\/www.perfectvanwamel.com\/fr\/produit\/tondeuse-avec-deport-total-modele-sv2-275\/","title":{"rendered":"Tondeuse avec d\u00e9port total, mod\u00e9le SV2-275"},"content":{"rendered":"<p>La SV2-275 est une robuste faucheuse rotative permettant de faucher compl\u00e8tement \u00e0 c\u00f4t\u00e9 de la piste du tracteur. La port\u00e9e maximale est de 3,85 m\u00e8tres depuis le centre du tracteur. L\u2019entra\u00eenement r\u00e9fl\u00e9chi par courroie trap\u00e9zo\u00efdale \u00e0 tension automatique garantit une transmission optimale de la force aux couteaux.<\/p>\n<p>Les patins profil\u00e9s permettent \u00e0 la SV2-275 de suivre parfaitement les contours du terrain. Pour optimiser encore le suivi des contours du terrain, un rouleau peut \u00eatre mont\u00e9 sur la machine.<\/p>\n<p>Pour le transport par la route, la faucheuse peut \u00eatre rabattue en position verticale.<\/p>\n","protected":false},"excerpt":{"rendered":"<p>La SV2-275 est une robuste tondeuse \u00e0 entra\u00eenement par courroie trap\u00e9zo\u00efdale et \u00e0 tr\u00e8s grand d\u00e9port pour pouvoir travailler tr\u00e8s loin de la piste du tracteur. Il est ainsi possible de faucher sans que les roues du tracteur passent sur la surface tondue.<\/p>\n<p>En combinaison avec une tondeuse frontale, il est possible de r\u00e9aliser une largeur de travail de plus de 6 m\u00e8tres !<\/p>\n<p>&nbsp;<\/p>\n","protected":false},"featured_media":28443,"template":"","meta":{"_acf_changed":false},"product_brand":[],"product_cat":[1777],"product_tag":[],"class_list":{"0":"post-6504","1":"product","2":"type-product","3":"status-publish","4":"has-post-thumbnail","6":"product_cat-fauchage-de-prairies","7":"pa_aftakas-opm-540-fr","8":"pa_hefinrichting-tractor-cat-ii-fr","9":"pa_maaihoogte-cm-4-14-fr","10":"pa_maairotors-aantal-3-fr","11":"pa_maairotors-opm-1685-fr","12":"pa_werkbreedte-cm-275-fr","14":"first","15":"instock","16":"shipping-taxable","17":"product-type-simple"},"acf":[],"yoast_head":"<!-- This site is optimized with the Yoast SEO plugin v27.4 - https:\/\/yoast.com\/product\/yoast-seo-wordpress\/ -->\n<title>Tondeuse avec d\u00e9port total, mod\u00e9le SV2-275 - PERFECT - Van Wamel<\/title>\n<meta name=\"robots\" content=\"index, follow, max-snippet:-1, max-image-preview:large, max-video-preview:-1\" \/>\n<link rel=\"canonical\" href=\"https:\/\/www.perfectvanwamel.com\/fr\/produit\/tondeuse-avec-deport-total-modele-sv2-275\/\" \/>\n<meta property=\"og:locale\" content=\"fr_FR\" \/>\n<meta property=\"og:type\" content=\"article\" \/>\n<meta property=\"og:title\" content=\"Tondeuse avec d\u00e9port total, mod\u00e9le SV2-275 - PERFECT - Van Wamel\" \/>\n<meta property=\"og:description\" content=\"La SV2-275 est une robuste tondeuse \u00e0 entra\u00eenement par courroie trap\u00e9zo\u00efdale et \u00e0 tr\u00e8s grand d\u00e9port pour pouvoir travailler tr\u00e8s loin de la piste du tracteur. Il est ainsi possible de faucher sans que les roues du tracteur passent sur la surface tondue.  En combinaison avec une tondeuse frontale, il est possible de r\u00e9aliser une largeur de travail de plus de 6 m\u00e8tres !  &nbsp;\" \/>\n<meta property=\"og:url\" content=\"https:\/\/www.perfectvanwamel.com\/fr\/produit\/tondeuse-avec-deport-total-modele-sv2-275\/\" \/>\n<meta property=\"og:site_name\" content=\"PERFECT - Van Wamel\" \/>\n<meta property=\"og:image\" content=\"https:\/\/staging.perfectvanwamel.com\/wp-content\/uploads\/2019\/12\/SV2-275.jpg\" \/>\n\t<meta property=\"og:image:width\" content=\"1821\" \/>\n\t<meta property=\"og:image:height\" content=\"1289\" \/>\n\t<meta property=\"og:image:type\" content=\"image\/jpeg\" \/>\n<meta name=\"twitter:card\" content=\"summary_large_image\" \/>\n<meta name=\"twitter:label1\" content=\"Dur\u00e9e de lecture estim\u00e9e\" \/>\n\t<meta name=\"twitter:data1\" content=\"1 minute\" \/>\n<script type=\"application\/ld+json\" class=\"yoast-schema-graph\">{\"@context\":\"https:\\\/\\\/schema.org\",\"@graph\":[{\"@type\":\"WebPage\",\"@id\":\"https:\\\/\\\/www.perfectvanwamel.com\\\/fr\\\/produit\\\/tondeuse-avec-deport-total-modele-sv2-275\\\/\",\"url\":\"https:\\\/\\\/www.perfectvanwamel.com\\\/fr\\\/produit\\\/tondeuse-avec-deport-total-modele-sv2-275\\\/\",\"name\":\"Tondeuse avec d\u00e9port total, mod\u00e9le SV2-275 - PERFECT - Van Wamel\",\"isPartOf\":{\"@id\":\"https:\\\/\\\/www.perfectvanwamel.com\\\/fr\\\/#website\"},\"primaryImageOfPage\":{\"@id\":\"https:\\\/\\\/www.perfectvanwamel.com\\\/fr\\\/produit\\\/tondeuse-avec-deport-total-modele-sv2-275\\\/#primaryimage\"},\"image\":{\"@id\":\"https:\\\/\\\/www.perfectvanwamel.com\\\/fr\\\/produit\\\/tondeuse-avec-deport-total-modele-sv2-275\\\/#primaryimage\"},\"thumbnailUrl\":\"https:\\\/\\\/www.perfectvanwamel.com\\\/wp-content\\\/uploads\\\/2019\\\/12\\\/SV2-275.jpg\",\"datePublished\":\"2019-12-03T12:00:40+00:00\",\"breadcrumb\":{\"@id\":\"https:\\\/\\\/www.perfectvanwamel.com\\\/fr\\\/produit\\\/tondeuse-avec-deport-total-modele-sv2-275\\\/#breadcrumb\"},\"inLanguage\":\"fr-FR\",\"potentialAction\":[{\"@type\":\"ReadAction\",\"target\":[\"https:\\\/\\\/www.perfectvanwamel.com\\\/fr\\\/produit\\\/tondeuse-avec-deport-total-modele-sv2-275\\\/\"]}]},{\"@type\":\"ImageObject\",\"inLanguage\":\"fr-FR\",\"@id\":\"https:\\\/\\\/www.perfectvanwamel.com\\\/fr\\\/produit\\\/tondeuse-avec-deport-total-modele-sv2-275\\\/#primaryimage\",\"url\":\"https:\\\/\\\/www.perfectvanwamel.com\\\/wp-content\\\/uploads\\\/2019\\\/12\\\/SV2-275.jpg\",\"contentUrl\":\"https:\\\/\\\/www.perfectvanwamel.com\\\/wp-content\\\/uploads\\\/2019\\\/12\\\/SV2-275.jpg\",\"width\":1821,\"height\":1289},{\"@type\":\"BreadcrumbList\",\"@id\":\"https:\\\/\\\/www.perfectvanwamel.com\\\/fr\\\/produit\\\/tondeuse-avec-deport-total-modele-sv2-275\\\/#breadcrumb\",\"itemListElement\":[{\"@type\":\"ListItem\",\"position\":1,\"name\":\"Home\",\"item\":\"https:\\\/\\\/staging.perfectvanwamel.com\\\/fr\\\/\"},{\"@type\":\"ListItem\",\"position\":2,\"name\":\"Technologie\",\"item\":\"https:\\\/\\\/staging.perfectvanwamel.com\\\/fr\\\/technologie\\\/\"},{\"@type\":\"ListItem\",\"position\":3,\"name\":\"Tondeuse avec d\u00e9port total, mod\u00e9le SV2-275\"}]},{\"@type\":\"WebSite\",\"@id\":\"https:\\\/\\\/www.perfectvanwamel.com\\\/fr\\\/#website\",\"url\":\"https:\\\/\\\/www.perfectvanwamel.com\\\/fr\\\/\",\"name\":\"PERFECT - Van Wamel\",\"description\":\"\",\"potentialAction\":[{\"@type\":\"SearchAction\",\"target\":{\"@type\":\"EntryPoint\",\"urlTemplate\":\"https:\\\/\\\/www.perfectvanwamel.com\\\/fr\\\/?s={search_term_string}\"},\"query-input\":{\"@type\":\"PropertyValueSpecification\",\"valueRequired\":true,\"valueName\":\"search_term_string\"}}],\"inLanguage\":\"fr-FR\"}]}<\/script>\n<!-- \/ Yoast SEO plugin. -->","yoast_head_json":{"title":"Tondeuse avec d\u00e9port total, mod\u00e9le SV2-275 - PERFECT - Van Wamel","robots":{"index":"index","follow":"follow","max-snippet":"max-snippet:-1","max-image-preview":"max-image-preview:large","max-video-preview":"max-video-preview:-1"},"canonical":"https:\/\/www.perfectvanwamel.com\/fr\/produit\/tondeuse-avec-deport-total-modele-sv2-275\/","og_locale":"fr_FR","og_type":"article","og_title":"Tondeuse avec d\u00e9port total, mod\u00e9le SV2-275 - PERFECT - Van Wamel","og_description":"La SV2-275 est une robuste tondeuse \u00e0 entra\u00eenement par courroie trap\u00e9zo\u00efdale et \u00e0 tr\u00e8s grand d\u00e9port pour pouvoir travailler tr\u00e8s loin de la piste du tracteur. Il est ainsi possible de faucher sans que les roues du tracteur passent sur la surface tondue.  En combinaison avec une tondeuse frontale, il est possible de r\u00e9aliser une largeur de travail de plus de 6 m\u00e8tres !  &nbsp;","og_url":"https:\/\/www.perfectvanwamel.com\/fr\/produit\/tondeuse-avec-deport-total-modele-sv2-275\/","og_site_name":"PERFECT - Van Wamel","og_image":[{"width":1821,"height":1289,"url":"https:\/\/staging.perfectvanwamel.com\/wp-content\/uploads\/2019\/12\/SV2-275.jpg","type":"image\/jpeg"}],"twitter_card":"summary_large_image","twitter_misc":{"Dur\u00e9e de lecture estim\u00e9e":"1 minute"},"schema":{"@context":"https:\/\/schema.org","@graph":[{"@type":"WebPage","@id":"https:\/\/www.perfectvanwamel.com\/fr\/produit\/tondeuse-avec-deport-total-modele-sv2-275\/","url":"https:\/\/www.perfectvanwamel.com\/fr\/produit\/tondeuse-avec-deport-total-modele-sv2-275\/","name":"Tondeuse avec d\u00e9port total, mod\u00e9le SV2-275 - PERFECT - Van Wamel","isPartOf":{"@id":"https:\/\/www.perfectvanwamel.com\/fr\/#website"},"primaryImageOfPage":{"@id":"https:\/\/www.perfectvanwamel.com\/fr\/produit\/tondeuse-avec-deport-total-modele-sv2-275\/#primaryimage"},"image":{"@id":"https:\/\/www.perfectvanwamel.com\/fr\/produit\/tondeuse-avec-deport-total-modele-sv2-275\/#primaryimage"},"thumbnailUrl":"https:\/\/www.perfectvanwamel.com\/wp-content\/uploads\/2019\/12\/SV2-275.jpg","datePublished":"2019-12-03T12:00:40+00:00","breadcrumb":{"@id":"https:\/\/www.perfectvanwamel.com\/fr\/produit\/tondeuse-avec-deport-total-modele-sv2-275\/#breadcrumb"},"inLanguage":"fr-FR","potentialAction":[{"@type":"ReadAction","target":["https:\/\/www.perfectvanwamel.com\/fr\/produit\/tondeuse-avec-deport-total-modele-sv2-275\/"]}]},{"@type":"ImageObject","inLanguage":"fr-FR","@id":"https:\/\/www.perfectvanwamel.com\/fr\/produit\/tondeuse-avec-deport-total-modele-sv2-275\/#primaryimage","url":"https:\/\/www.perfectvanwamel.com\/wp-content\/uploads\/2019\/12\/SV2-275.jpg","contentUrl":"https:\/\/www.perfectvanwamel.com\/wp-content\/uploads\/2019\/12\/SV2-275.jpg","width":1821,"height":1289},{"@type":"BreadcrumbList","@id":"https:\/\/www.perfectvanwamel.com\/fr\/produit\/tondeuse-avec-deport-total-modele-sv2-275\/#breadcrumb","itemListElement":[{"@type":"ListItem","position":1,"name":"Home","item":"https:\/\/staging.perfectvanwamel.com\/fr\/"},{"@type":"ListItem","position":2,"name":"Technologie","item":"https:\/\/staging.perfectvanwamel.com\/fr\/technologie\/"},{"@type":"ListItem","position":3,"name":"Tondeuse avec d\u00e9port total, mod\u00e9le SV2-275"}]},{"@type":"WebSite","@id":"https:\/\/www.perfectvanwamel.com\/fr\/#website","url":"https:\/\/www.perfectvanwamel.com\/fr\/","name":"PERFECT - Van Wamel","description":"","potentialAction":[{"@type":"SearchAction","target":{"@type":"EntryPoint","urlTemplate":"https:\/\/www.perfectvanwamel.com\/fr\/?s={search_term_string}"},"query-input":{"@type":"PropertyValueSpecification","valueRequired":true,"valueName":"search_term_string"}}],"inLanguage":"fr-FR"}]}},"_links":{"self":[{"href":"https:\/\/www.perfectvanwamel.com\/fr\/wp-json\/wp\/v2\/product\/6504","targetHints":{"allow":["GET"]}}],"collection":[{"href":"https:\/\/www.perfectvanwamel.com\/fr\/wp-json\/wp\/v2\/product"}],"about":[{"href":"https:\/\/www.perfectvanwamel.com\/fr\/wp-json\/wp\/v2\/types\/product"}],"wp:featuredmedia":[{"embeddable":true,"href":"https:\/\/www.perfectvanwamel.com\/fr\/wp-json\/wp\/v2\/media\/28443"}],"wp:attachment":[{"href":"https:\/\/www.perfectvanwamel.com\/fr\/wp-json\/wp\/v2\/media?parent=6504"}],"wp:term":[{"taxonomy":"product_brand","embeddable":true,"href":"https:\/\/www.perfectvanwamel.com\/fr\/wp-json\/wp\/v2\/product_brand?post=6504"},{"taxonomy":"product_cat","embeddable":true,"href":"https:\/\/www.perfectvanwamel.com\/fr\/wp-json\/wp\/v2\/product_cat?post=6504"},{"taxonomy":"product_tag","embeddable":true,"href":"https:\/\/www.perfectvanwamel.com\/fr\/wp-json\/wp\/v2\/product_tag?post=6504"}],"curies":[{"name":"wp","href":"https:\/\/api.w.org\/{rel}","templated":true}]}}