{"id":6505,"date":"2020-04-28T08:38:06","date_gmt":"2020-04-28T06:38:06","guid":{"rendered":"https:\/\/www.perfectvanwamel.com\/product\/multibroyeur-daccotement-serie-zw\/"},"modified":"2026-03-04T15:55:26","modified_gmt":"2026-03-04T14:55:26","slug":"multibroyeur-daccotement-serie-zw","status":"publish","type":"product","link":"https:\/\/www.perfectvanwamel.com\/fr\/produit\/multibroyeur-daccotement-serie-zw\/","title":{"rendered":"Multibroyeur d\u2019accotement, s\u00e9rie ZW PLUS"},"content":{"rendered":"<section class=\"l-section wpb_row height_small\"><div class=\"l-section-h i-cf\"><div class=\"g-cols vc_row type_default valign_top\"><div class=\"vc_col-sm-12 wpb_column vc_column_container\"><div class=\"vc_column-inner\"><div class=\"wpb_wrapper\"><div class=\"wpb_text_column\" ><div class=\"wpb_wrapper\"><h2><span class=\"--l --r container-source\">Un tr\u00e8s robuste broyeur d\u2019accotement<\/span><\/h2>\n<p>Le ZW <em>PLUS<\/em> est un tr\u00e8s robuste broyeur d\u2019accotement qui est le plus souvent utilis\u00e9 \u00e0 l\u2019arri\u00e8re du tracteur mais peut \u00e9galement l\u2019\u00eatre en grand d\u00e9port. Le tr\u00e8s solide attelage et les robustes bras du d\u00e9port donnent au ZW <em>PLUS<\/em> une stabilit\u00e9 in\u00e9gal\u00e9e et par cons\u00e9quent une tr\u00e8s longue dur\u00e9e de vie.<\/p>\n<p>Le large rouleau avec des embouts coniques et roulement interne assure un parfait suivi des contours du terrain et une grande maniabilit\u00e9. Excellente protection standard de l\u2019entra\u00eenement avec r\u00e9sistance r\u00e9glable contre les d\u00e9g\u00e2ts pouvant \u00eatre caus\u00e9s par des obstacles.<\/p>\n<p>Le ZW <em>PLUS<\/em> est livr\u00e9 en s\u00e9rie avec des marteaux de 0,9 kg; en option, la machine peut \u00e9galement \u00eatre \u00e9quip\u00e9e de marteaux Flex, qui offrent une excellente protection contre les pierres et autres objets.<\/p>\n<h2><span class=\"--l --r container-target\"><span class=\"--l --r hover:bg-blue-100 hover:dark:bg-blue-600\">Nouvelles<\/span> <span class=\"--l --r hover:bg-blue-100 hover:dark:bg-blue-600\">am\u00e9liorations<\/span> <span class=\"--l --r hover:bg-blue-100 hover:dark:bg-blue-600\">et<\/span> <span class=\"--l --r hover:bg-blue-100 hover:dark:bg-blue-600\">sp\u00e9cifications<\/span><\/span><\/h2>\n<ul>\n<li>Rouleau avec roulement interne am\u00e9lior\u00e9 pour une dur\u00e9e de vie plus longue et un fonctionnement plus souple.<\/li>\n<li>Diam\u00e8tre rouleau optionnel de 219 mm au lieu de 152 mm<\/li>\n<li>Patins plus \u00e9pais pour une r\u00e9sistance accrue \u00e0 l\u2019usure en cas d\u2019utilisation intensive.<\/li>\n<li>Plaque d\u2019usure sous le point de pivotement (bo\u00eetier) pour une protection optimale contre l\u2019usure.<\/li>\n<li>Attelage renforc\u00e9e adapt\u00e9e aux CAT 2 + 3, pour une stabilit\u00e9 et une compatibilit\u00e9 maximales.<\/li>\n<li>\u00c9clairage routier en option, pour travailler en toute s\u00e9curit\u00e9 le long des routes et dans la p\u00e9nombre.<\/li>\n<li>Pieds de support pour un stockage stable et un transport facile (en option).<\/li>\n<li>Protection contre la rupture du tuyau pour une s\u00e9curit\u00e9 maximale pendant le transport et l\u2019utilisation.<\/li>\n<\/ul>\n<\/div><\/div><\/div><\/div><\/div><\/div><\/div><\/section>\n","protected":false},"excerpt":{"rendered":"<p>Machine polyvalente avec \u00ab\u00a0d\u00e9port Z\u00a0\u00bb pour les bords de parcelles, accotements, foss\u00e9s, etc.<\/p>\n","protected":false},"featured_media":27915,"template":"","meta":{"_acf_changed":false},"product_brand":[],"product_cat":[1832],"product_tag":[],"class_list":{"0":"post-6505","1":"product","2":"type-product","3":"status-publish","4":"has-post-thumbnail","6":"product_cat-broyeurs-daccotement","7":"pa_aftakas-opm-540-fr","8":"pa_denkende-schijf-nee-fr","9":"pa_gewicht-kg-735-fr","10":"pa_gewicht-kg-780-fr","11":"pa_gewicht-kg-840-fr","12":"pa_gewicht-kg-900-fr","13":"pa_hefinrichting-tractor-cat-ii-fr","14":"pa_max-verstrek-midden-cm-225-fr","15":"pa_max-verstrek-midden-cm-255-fr","16":"pa_max-verstrek-midden-cm-285-fr","17":"pa_max-verstrek-midden-cm-315-fr","18":"pa_max-verstrek-midden-cm-345-fr","19":"pa_min-benodigd-vermogen-kw-pk-37-50-fr-2","20":"pa_min-benodigd-vermogen-kw-pk-44-60-fr-2","21":"pa_min-benodigd-vermogen-kw-pk-51-70-fr","22":"pa_min-benodigd-vermogen-kw-pk-59-80-fr","23":"pa_transportbreedte-cm-140-fr","24":"pa_werkbreedte-cm-150-fr","25":"pa_werkbreedte-cm-180-fr","26":"pa_werkbreedte-cm-210-fr","27":"pa_werkbreedte-cm-240-fr","29":"first","30":"instock","31":"shipping-taxable","32":"product-type-simple"},"acf":[],"yoast_head":"<!-- This site is optimized with the Yoast SEO plugin v27.4 - https:\/\/yoast.com\/product\/yoast-seo-wordpress\/ -->\n<title>Multibroyeur d\u2019accotement, s\u00e9rie ZW PLUS - PERFECT - Van Wamel<\/title>\n<meta name=\"robots\" content=\"index, follow, max-snippet:-1, max-image-preview:large, max-video-preview:-1\" \/>\n<link rel=\"canonical\" href=\"https:\/\/www.perfectvanwamel.com\/fr\/produit\/multibroyeur-daccotement-serie-zw\/\" \/>\n<meta property=\"og:locale\" content=\"fr_FR\" \/>\n<meta property=\"og:type\" content=\"article\" \/>\n<meta property=\"og:title\" content=\"Multibroyeur d\u2019accotement, s\u00e9rie ZW PLUS - PERFECT - Van Wamel\" \/>\n<meta property=\"og:description\" content=\"Machine polyvalente avec \u00ab\u00a0d\u00e9port Z\u00a0\u00bb pour les bords de parcelles, accotements, foss\u00e9s, etc.\" \/>\n<meta property=\"og:url\" content=\"https:\/\/www.perfectvanwamel.com\/fr\/produit\/multibroyeur-daccotement-serie-zw\/\" \/>\n<meta property=\"og:site_name\" content=\"PERFECT - Van Wamel\" \/>\n<meta property=\"article:modified_time\" content=\"2026-03-04T14:55:26+00:00\" \/>\n<meta property=\"og:image\" content=\"https:\/\/staging.perfectvanwamel.com\/wp-content\/uploads\/2020\/04\/ZW-PLUS-vrijstaand.jpg\" \/>\n\t<meta property=\"og:image:width\" content=\"2000\" \/>\n\t<meta property=\"og:image:height\" content=\"1500\" \/>\n\t<meta property=\"og:image:type\" content=\"image\/jpeg\" \/>\n<meta name=\"twitter:card\" content=\"summary_large_image\" \/>\n<meta name=\"twitter:label1\" content=\"Dur\u00e9e de lecture estim\u00e9e\" \/>\n\t<meta name=\"twitter:data1\" content=\"1 minute\" \/>\n<script type=\"application\/ld+json\" class=\"yoast-schema-graph\">{\"@context\":\"https:\\\/\\\/schema.org\",\"@graph\":[{\"@type\":\"WebPage\",\"@id\":\"https:\\\/\\\/www.perfectvanwamel.com\\\/fr\\\/produit\\\/multibroyeur-daccotement-serie-zw\\\/\",\"url\":\"https:\\\/\\\/www.perfectvanwamel.com\\\/fr\\\/produit\\\/multibroyeur-daccotement-serie-zw\\\/\",\"name\":\"Multibroyeur d\u2019accotement, s\u00e9rie ZW PLUS - PERFECT - Van Wamel\",\"isPartOf\":{\"@id\":\"https:\\\/\\\/www.perfectvanwamel.com\\\/fr\\\/#website\"},\"primaryImageOfPage\":{\"@id\":\"https:\\\/\\\/www.perfectvanwamel.com\\\/fr\\\/produit\\\/multibroyeur-daccotement-serie-zw\\\/#primaryimage\"},\"image\":{\"@id\":\"https:\\\/\\\/www.perfectvanwamel.com\\\/fr\\\/produit\\\/multibroyeur-daccotement-serie-zw\\\/#primaryimage\"},\"thumbnailUrl\":\"https:\\\/\\\/www.perfectvanwamel.com\\\/wp-content\\\/uploads\\\/2020\\\/04\\\/ZW-PLUS-vrijstaand.jpg\",\"datePublished\":\"2020-04-28T06:38:06+00:00\",\"dateModified\":\"2026-03-04T14:55:26+00:00\",\"breadcrumb\":{\"@id\":\"https:\\\/\\\/www.perfectvanwamel.com\\\/fr\\\/produit\\\/multibroyeur-daccotement-serie-zw\\\/#breadcrumb\"},\"inLanguage\":\"fr-FR\",\"potentialAction\":[{\"@type\":\"ReadAction\",\"target\":[\"https:\\\/\\\/www.perfectvanwamel.com\\\/fr\\\/produit\\\/multibroyeur-daccotement-serie-zw\\\/\"]}]},{\"@type\":\"ImageObject\",\"inLanguage\":\"fr-FR\",\"@id\":\"https:\\\/\\\/www.perfectvanwamel.com\\\/fr\\\/produit\\\/multibroyeur-daccotement-serie-zw\\\/#primaryimage\",\"url\":\"https:\\\/\\\/www.perfectvanwamel.com\\\/wp-content\\\/uploads\\\/2020\\\/04\\\/ZW-PLUS-vrijstaand.jpg\",\"contentUrl\":\"https:\\\/\\\/www.perfectvanwamel.com\\\/wp-content\\\/uploads\\\/2020\\\/04\\\/ZW-PLUS-vrijstaand.jpg\",\"width\":2000,\"height\":1500},{\"@type\":\"BreadcrumbList\",\"@id\":\"https:\\\/\\\/www.perfectvanwamel.com\\\/fr\\\/produit\\\/multibroyeur-daccotement-serie-zw\\\/#breadcrumb\",\"itemListElement\":[{\"@type\":\"ListItem\",\"position\":1,\"name\":\"Home\",\"item\":\"https:\\\/\\\/staging.perfectvanwamel.com\\\/fr\\\/\"},{\"@type\":\"ListItem\",\"position\":2,\"name\":\"Technologie\",\"item\":\"https:\\\/\\\/staging.perfectvanwamel.com\\\/fr\\\/technologie\\\/\"},{\"@type\":\"ListItem\",\"position\":3,\"name\":\"Multibroyeur d\u2019accotement, s\u00e9rie ZW PLUS\"}]},{\"@type\":\"WebSite\",\"@id\":\"https:\\\/\\\/www.perfectvanwamel.com\\\/fr\\\/#website\",\"url\":\"https:\\\/\\\/www.perfectvanwamel.com\\\/fr\\\/\",\"name\":\"PERFECT - Van Wamel\",\"description\":\"\",\"potentialAction\":[{\"@type\":\"SearchAction\",\"target\":{\"@type\":\"EntryPoint\",\"urlTemplate\":\"https:\\\/\\\/www.perfectvanwamel.com\\\/fr\\\/?s={search_term_string}\"},\"query-input\":{\"@type\":\"PropertyValueSpecification\",\"valueRequired\":true,\"valueName\":\"search_term_string\"}}],\"inLanguage\":\"fr-FR\"}]}<\/script>\n<!-- \/ Yoast SEO plugin. -->","yoast_head_json":{"title":"Multibroyeur d\u2019accotement, s\u00e9rie ZW PLUS - PERFECT - Van Wamel","robots":{"index":"index","follow":"follow","max-snippet":"max-snippet:-1","max-image-preview":"max-image-preview:large","max-video-preview":"max-video-preview:-1"},"canonical":"https:\/\/www.perfectvanwamel.com\/fr\/produit\/multibroyeur-daccotement-serie-zw\/","og_locale":"fr_FR","og_type":"article","og_title":"Multibroyeur d\u2019accotement, s\u00e9rie ZW PLUS - PERFECT - Van Wamel","og_description":"Machine polyvalente avec \u00ab\u00a0d\u00e9port Z\u00a0\u00bb pour les bords de parcelles, accotements, foss\u00e9s, etc.","og_url":"https:\/\/www.perfectvanwamel.com\/fr\/produit\/multibroyeur-daccotement-serie-zw\/","og_site_name":"PERFECT - Van Wamel","article_modified_time":"2026-03-04T14:55:26+00:00","og_image":[{"width":2000,"height":1500,"url":"https:\/\/staging.perfectvanwamel.com\/wp-content\/uploads\/2020\/04\/ZW-PLUS-vrijstaand.jpg","type":"image\/jpeg"}],"twitter_card":"summary_large_image","twitter_misc":{"Dur\u00e9e de lecture estim\u00e9e":"1 minute"},"schema":{"@context":"https:\/\/schema.org","@graph":[{"@type":"WebPage","@id":"https:\/\/www.perfectvanwamel.com\/fr\/produit\/multibroyeur-daccotement-serie-zw\/","url":"https:\/\/www.perfectvanwamel.com\/fr\/produit\/multibroyeur-daccotement-serie-zw\/","name":"Multibroyeur d\u2019accotement, s\u00e9rie ZW PLUS - PERFECT - Van Wamel","isPartOf":{"@id":"https:\/\/www.perfectvanwamel.com\/fr\/#website"},"primaryImageOfPage":{"@id":"https:\/\/www.perfectvanwamel.com\/fr\/produit\/multibroyeur-daccotement-serie-zw\/#primaryimage"},"image":{"@id":"https:\/\/www.perfectvanwamel.com\/fr\/produit\/multibroyeur-daccotement-serie-zw\/#primaryimage"},"thumbnailUrl":"https:\/\/www.perfectvanwamel.com\/wp-content\/uploads\/2020\/04\/ZW-PLUS-vrijstaand.jpg","datePublished":"2020-04-28T06:38:06+00:00","dateModified":"2026-03-04T14:55:26+00:00","breadcrumb":{"@id":"https:\/\/www.perfectvanwamel.com\/fr\/produit\/multibroyeur-daccotement-serie-zw\/#breadcrumb"},"inLanguage":"fr-FR","potentialAction":[{"@type":"ReadAction","target":["https:\/\/www.perfectvanwamel.com\/fr\/produit\/multibroyeur-daccotement-serie-zw\/"]}]},{"@type":"ImageObject","inLanguage":"fr-FR","@id":"https:\/\/www.perfectvanwamel.com\/fr\/produit\/multibroyeur-daccotement-serie-zw\/#primaryimage","url":"https:\/\/www.perfectvanwamel.com\/wp-content\/uploads\/2020\/04\/ZW-PLUS-vrijstaand.jpg","contentUrl":"https:\/\/www.perfectvanwamel.com\/wp-content\/uploads\/2020\/04\/ZW-PLUS-vrijstaand.jpg","width":2000,"height":1500},{"@type":"BreadcrumbList","@id":"https:\/\/www.perfectvanwamel.com\/fr\/produit\/multibroyeur-daccotement-serie-zw\/#breadcrumb","itemListElement":[{"@type":"ListItem","position":1,"name":"Home","item":"https:\/\/staging.perfectvanwamel.com\/fr\/"},{"@type":"ListItem","position":2,"name":"Technologie","item":"https:\/\/staging.perfectvanwamel.com\/fr\/technologie\/"},{"@type":"ListItem","position":3,"name":"Multibroyeur d\u2019accotement, s\u00e9rie ZW PLUS"}]},{"@type":"WebSite","@id":"https:\/\/www.perfectvanwamel.com\/fr\/#website","url":"https:\/\/www.perfectvanwamel.com\/fr\/","name":"PERFECT - Van Wamel","description":"","potentialAction":[{"@type":"SearchAction","target":{"@type":"EntryPoint","urlTemplate":"https:\/\/www.perfectvanwamel.com\/fr\/?s={search_term_string}"},"query-input":{"@type":"PropertyValueSpecification","valueRequired":true,"valueName":"search_term_string"}}],"inLanguage":"fr-FR"}]}},"_links":{"self":[{"href":"https:\/\/www.perfectvanwamel.com\/fr\/wp-json\/wp\/v2\/product\/6505","targetHints":{"allow":["GET"]}}],"collection":[{"href":"https:\/\/www.perfectvanwamel.com\/fr\/wp-json\/wp\/v2\/product"}],"about":[{"href":"https:\/\/www.perfectvanwamel.com\/fr\/wp-json\/wp\/v2\/types\/product"}],"wp:featuredmedia":[{"embeddable":true,"href":"https:\/\/www.perfectvanwamel.com\/fr\/wp-json\/wp\/v2\/media\/27915"}],"wp:attachment":[{"href":"https:\/\/www.perfectvanwamel.com\/fr\/wp-json\/wp\/v2\/media?parent=6505"}],"wp:term":[{"taxonomy":"product_brand","embeddable":true,"href":"https:\/\/www.perfectvanwamel.com\/fr\/wp-json\/wp\/v2\/product_brand?post=6505"},{"taxonomy":"product_cat","embeddable":true,"href":"https:\/\/www.perfectvanwamel.com\/fr\/wp-json\/wp\/v2\/product_cat?post=6505"},{"taxonomy":"product_tag","embeddable":true,"href":"https:\/\/www.perfectvanwamel.com\/fr\/wp-json\/wp\/v2\/product_tag?post=6505"}],"curies":[{"name":"wp","href":"https:\/\/api.w.org\/{rel}","templated":true}]}}