{"id":6506,"date":"2020-04-28T08:51:35","date_gmt":"2020-04-28T06:51:35","guid":{"rendered":"https:\/\/www.perfectvanwamel.com\/product\/broyeur-daccotement-industriel-serie-zw\/"},"modified":"2026-03-04T15:46:18","modified_gmt":"2026-03-04T14:46:18","slug":"broyeur-daccotement-industriel-serie-zf-pro","status":"publish","type":"product","link":"https:\/\/www.perfectvanwamel.com\/fr\/produit\/broyeur-daccotement-industriel-serie-zf-pro\/","title":{"rendered":"Broyeur d\u2019accotement industriel, s\u00e9rie ZF PRO"},"content":{"rendered":"<section class=\"l-section wpb_row height_small\"><div class=\"l-section-h i-cf\"><div class=\"g-cols vc_row type_default valign_top\"><div class=\"vc_col-sm-12 wpb_column vc_column_container\"><div class=\"vc_column-inner\"><div class=\"wpb_wrapper\"><div class=\"wpb_text_column\" ><div class=\"wpb_wrapper\"><h2><span class=\"--l --r container-source\">Un broyeur d\u2019accotement industriel<\/span><\/h2>\n<p>Le ZF <em>PRO<\/em> est un broyeur d\u2019accotement r\u00e9ellement industriel; tant la construction de la machine que son entra\u00eenement sont calcul\u00e9s pour faire face aux circonstances les plus difficiles. L\u2019arbre \u00e0 marteaux est entra\u00een\u00e9 par une courroie \u00ab\u00a0 Powerband \u00bb 5 brins \u00e0 tension automatique et par une tr\u00e8s robuste bo\u00eete \u00e0 engrenages de 1000 tpm.<\/p>\n<p>Ce broyeur est livr\u00e9 en s\u00e9rie avec des marteaux universels de 0,9 kg mais peut \u00e9galement \u00eatre \u00e9quip\u00e9 de marteaux de 2,2 kg pour une protection optimale de la machine. Pour combiner une puissance maximale et une fauche de qualit\u00e9, nos marteaux Combi sont la solution id\u00e9ale, avec un poids de 2,7 kg et des couteaux \u00e9changeables.<\/p>\n<p>Excellente protection standard de l\u2019entra\u00eenement avec r\u00e9sistance r\u00e9glable contre les d\u00e9g\u00e2ts pouvant \u00eatre caus\u00e9s par des obstacles tels que des arbres. Pour pouvoir \u00e9galement faucher dans des foss\u00e9s peu profonds avec une machine large, le ZF <em>PRO<\/em> est livrable en option avec un Hydro-Lift ; ce cylindre permet de soulever la machine de 38 cm.<\/p>\n<p>Tous les mod\u00e8les ZF <em>PRO<\/em> sont \u00e9galement livrables pour montage frontal ou en tant que mod\u00e8le \u00e0 monter \u00e0 gauche.<\/p>\n<h2><span class=\"--l --r container-target\"><span class=\"--l --r hover:bg-blue-100 hover:dark:bg-blue-600\">Nouvelles<\/span> <span class=\"--l --r hover:bg-blue-100 hover:dark:bg-blue-600\">am\u00e9liorations<\/span> <span class=\"--l --r hover:bg-blue-100 hover:dark:bg-blue-600\">et<\/span> <span class=\"--l --r hover:bg-blue-100 hover:dark:bg-blue-600\">sp\u00e9cifications<\/span><\/span><\/h2>\n<ul>\n<li><span class=\"--l container-target\"><span class=\"--l --r hover:bg-blue-100 hover:dark:bg-blue-600\">Rouleau<\/span> <span class=\"--l --r hover:bg-blue-100 hover:dark:bg-blue-600\">am\u00e9lior\u00e9<\/span> <span class=\"--l --r hover:bg-blue-100 hover:dark:bg-blue-600\">avec<\/span> <span class=\"--l --r hover:bg-blue-100 hover:dark:bg-blue-600\">roulements<\/span> <span class=\"--l --r hover:bg-blue-100 hover:dark:bg-blue-600\">internes<\/span> <span class=\"--l --r hover:bg-blue-100 hover:dark:bg-blue-600\">pour<\/span> <span class=\"--l --r hover:bg-blue-100 hover:dark:bg-blue-600\">un<\/span> <span class=\"--l --r hover:bg-blue-100 hover:dark:bg-blue-600\">entretien<\/span> <span class=\"--l --r hover:bg-blue-100 hover:dark:bg-blue-600\">r\u00e9duit<\/span> <span class=\"--l --r hover:bg-blue-100 hover:dark:bg-blue-600\">et<\/span> <span class=\"--l --r hover:bg-blue-100 hover:dark:bg-blue-600\">une<\/span> <span class=\"--l --r hover:bg-blue-100 hover:dark:bg-blue-600\">dur\u00e9e<\/span> <span class=\"--l --r hover:bg-blue-100 hover:dark:bg-blue-600\">de<\/span> <span class=\"--l --r hover:bg-blue-100 hover:dark:bg-blue-600\">vie<\/span> <span class=\"--l --r hover:bg-blue-100 hover:dark:bg-blue-600\">prolong\u00e9e<\/span>.<\/span><\/li>\n<li><span class=\"container-target\"><span class=\"--l --r hover:bg-blue-100 hover:dark:bg-blue-600\">Nouveau<\/span> <span class=\"--l --r hover:bg-blue-100 hover:dark:bg-blue-600\">racleur<\/span> <span class=\"--l --r hover:bg-blue-100 hover:dark:bg-blue-600\">emp\u00eachant<\/span> <span class=\"--l --r hover:bg-blue-100 hover:dark:bg-blue-600\">l&#8217;accumulation<\/span> <span class=\"--l --r hover:bg-blue-100 hover:dark:bg-blue-600\">de<\/span> <span class=\"--l --r hover:bg-blue-100 hover:dark:bg-blue-600\">salet\u00e9s<\/span> <span class=\"--l --r hover:bg-blue-100 hover:dark:bg-blue-600\">et<\/span> <span class=\"--l --r hover:bg-blue-100 hover:dark:bg-blue-600\">minimisant<\/span> <span class=\"--l --r hover:bg-blue-100 hover:dark:bg-blue-600\">l&#8217;usure<\/span>.<\/span><\/li>\n<li><span class=\"container-target\"><span class=\"--l --r hover:bg-blue-100 hover:dark:bg-blue-600\">Roulements<\/span> <span class=\"--l --r hover:bg-blue-100 hover:dark:bg-blue-600\">d&#8217;arbre<\/span> <span class=\"--l --r hover:bg-blue-100 hover:dark:bg-blue-600\">de<\/span> <span class=\"--l --r hover:bg-blue-100 hover:dark:bg-blue-600\">soupape<\/span> <span class=\"--l --r hover:bg-blue-100 hover:dark:bg-blue-600\">plus<\/span> <span class=\"--l --r hover:bg-blue-100 hover:dark:bg-blue-600\">lourds<\/span> <span class=\"--l --r hover:bg-blue-100 hover:dark:bg-blue-600\">pour<\/span> <span class=\"--l --r hover:bg-blue-100 hover:dark:bg-blue-600\">une<\/span> <span class=\"--l --r hover:bg-blue-100 hover:dark:bg-blue-600\">utilisation<\/span> <span class=\"--l --r hover:bg-blue-100 hover:dark:bg-blue-600\">intensive<\/span> <span class=\"--l --r hover:bg-blue-100 hover:dark:bg-blue-600\">et<\/span> <span class=\"--l --r hover:bg-blue-100 hover:dark:bg-blue-600\">une<\/span> <span class=\"--l --r hover:bg-blue-100 hover:dark:bg-blue-600\">plus<\/span> <span class=\"--l --r hover:bg-blue-100 hover:dark:bg-blue-600\">grande<\/span> <span class=\"--l --r hover:bg-blue-100 hover:dark:bg-blue-600\">fiabilit\u00e9<\/span>.<\/span><\/li>\n<li><span class=\"container-target\"><span class=\"--l --r hover:bg-blue-100 hover:dark:bg-blue-600\">Attelage<\/span> <span class=\"--l --r hover:bg-blue-100 hover:dark:bg-blue-600\">3<\/span> <span class=\"--l --r hover:bg-blue-100 hover:dark:bg-blue-600\">points<\/span> <span class=\"--l --r hover:bg-blue-100 hover:dark:bg-blue-600\">renforc\u00e9<\/span> <span class=\"--l --r hover:bg-blue-100 hover:dark:bg-blue-600\">adapt\u00e9<\/span> <span class=\"--l --r hover:bg-blue-100 hover:dark:bg-blue-600\">\u00e0<\/span> <span class=\"--l --r hover:bg-blue-100 hover:dark:bg-blue-600\">la<\/span> <span class=\"--l --r hover:bg-blue-100 hover:dark:bg-blue-600\">cat\u00e9gorie<\/span> <span class=\"--l --r hover:bg-blue-100 hover:dark:bg-blue-600\">2<\/span>, <span class=\"--l --r hover:bg-blue-100 hover:dark:bg-blue-600\">pour<\/span> <span class=\"--l --r hover:bg-blue-100 hover:dark:bg-blue-600\">une<\/span> <span class=\"--l --r hover:bg-blue-100 hover:dark:bg-blue-600\">plus<\/span> <span class=\"--l --r hover:bg-blue-100 hover:dark:bg-blue-600\">grande<\/span> <span class=\"--l --r hover:bg-blue-100 hover:dark:bg-blue-600\">stabilit\u00e9<\/span> <span class=\"--l --r hover:bg-blue-100 hover:dark:bg-blue-600\">avec<\/span> <span class=\"--l --r hover:bg-blue-100 hover:dark:bg-blue-600\">les<\/span> <span class=\"--l --r hover:bg-blue-100 hover:dark:bg-blue-600\">tracteurs<\/span> <span class=\"--l --r hover:bg-blue-100 hover:dark:bg-blue-600\">plus<\/span> <span class=\"--l --r hover:bg-blue-100 hover:dark:bg-blue-600\">puissants<\/span>.<\/span><\/li>\n<li><span class=\"--r container-target\"><span class=\"--l --r hover:bg-blue-100 hover:dark:bg-blue-600\">La<\/span> <span class=\"--l --r hover:bg-blue-100 hover:dark:bg-blue-600\">protection<\/span> <span class=\"--l --r hover:bg-blue-100 hover:dark:bg-blue-600\">contre<\/span> <span class=\"--l --r hover:bg-blue-100 hover:dark:bg-blue-600\">la<\/span> <span class=\"--l --r hover:bg-blue-100 hover:dark:bg-blue-600\">rupture<\/span> <span class=\"--l --r hover:bg-blue-100 hover:dark:bg-blue-600\">des<\/span> <span class=\"--l --r hover:bg-blue-100 hover:dark:bg-blue-600\">flexibles<\/span> <span class=\"--l --r hover:bg-blue-100 hover:dark:bg-blue-600\">augmente<\/span> <span class=\"--l --r hover:bg-blue-100 hover:dark:bg-blue-600\">la<\/span> <span class=\"--l --r hover:bg-blue-100 hover:dark:bg-blue-600\">s\u00e9curit\u00e9<\/span> <span class=\"--l --r hover:bg-blue-100 hover:dark:bg-blue-600\">pendant<\/span> <span class=\"--l --r hover:bg-blue-100 hover:dark:bg-blue-600\">le<\/span> <span class=\"--l --r hover:bg-blue-100 hover:dark:bg-blue-600\">transport<\/span>.<\/span><\/li>\n<\/ul>\n<\/div><\/div><\/div><\/div><\/div><\/div><\/div><\/section>\n","protected":false},"excerpt":{"rendered":"<p>Rotobroyeur extr\u00eamement robuste pour utilisation tr\u00e8s intensive. Grand d\u00e9port afin de pouvoir travailler loin du tracteur, par exemple dans les foss\u00e9s, ou en combinaison avec un broyeur frontal.<\/p>\n","protected":false},"featured_media":27947,"template":"","meta":{"_acf_changed":false},"product_brand":[],"product_cat":[1832],"product_tag":[],"class_list":{"0":"post-6506","1":"product","2":"type-product","3":"status-publish","4":"has-post-thumbnail","6":"product_cat-broyeurs-daccotement","7":"pa_aftakas-opm-1000-fr","8":"pa_denkende-schijf-nee-fr","9":"pa_gewicht-kg-1050-fr","10":"pa_gewicht-kg-890-fr","11":"pa_gewicht-kg-940-fr","12":"pa_gewicht-kg-990-fr","13":"pa_hefinrichting-tractor-cat-ii-fr","14":"pa_max-verstrek-midden-cm-325-fr","15":"pa_max-verstrek-midden-cm-355-fr","16":"pa_max-verstrek-midden-cm-385-fr","17":"pa_max-verstrek-midden-cm-415-fr","18":"pa_min-benodigd-vermogen-kw-pk-44-60-fr-2","19":"pa_min-benodigd-vermogen-kw-pk-50-68-fr","20":"pa_min-benodigd-vermogen-kw-pk-55-75-fr","21":"pa_min-benodigd-vermogen-kw-pk-65-88-fr","22":"pa_transportbreedte-cm-187-fr","23":"pa_werkbreedte-cm-150-fr","24":"pa_werkbreedte-cm-180-fr","25":"pa_werkbreedte-cm-210-fr","26":"pa_werkbreedte-cm-240-fr","28":"first","29":"instock","30":"shipping-taxable","31":"product-type-simple"},"acf":[],"yoast_head":"<!-- This site is optimized with the Yoast SEO plugin v27.4 - https:\/\/yoast.com\/product\/yoast-seo-wordpress\/ -->\n<title>Broyeur d\u2019accotement industriel, s\u00e9rie ZF PRO - PERFECT - Van Wamel<\/title>\n<meta name=\"robots\" content=\"index, follow, max-snippet:-1, max-image-preview:large, max-video-preview:-1\" \/>\n<link rel=\"canonical\" href=\"https:\/\/www.perfectvanwamel.com\/fr\/produit\/broyeur-daccotement-industriel-serie-zf-pro\/\" \/>\n<meta property=\"og:locale\" content=\"fr_FR\" \/>\n<meta property=\"og:type\" content=\"article\" \/>\n<meta property=\"og:title\" content=\"Broyeur d\u2019accotement industriel, s\u00e9rie ZF PRO - PERFECT - Van Wamel\" \/>\n<meta property=\"og:description\" content=\"Rotobroyeur extr\u00eamement robuste pour utilisation tr\u00e8s intensive. Grand d\u00e9port afin de pouvoir travailler loin du tracteur, par exemple dans les foss\u00e9s, ou en combinaison avec un broyeur frontal.\" \/>\n<meta property=\"og:url\" content=\"https:\/\/www.perfectvanwamel.com\/fr\/produit\/broyeur-daccotement-industriel-serie-zf-pro\/\" \/>\n<meta property=\"og:site_name\" content=\"PERFECT - Van Wamel\" \/>\n<meta property=\"article:modified_time\" content=\"2026-03-04T14:46:18+00:00\" \/>\n<meta property=\"og:image\" content=\"https:\/\/staging.perfectvanwamel.com\/wp-content\/uploads\/2020\/04\/ZF-PRO-vrijstaand.jpg\" \/>\n\t<meta property=\"og:image:width\" content=\"2000\" \/>\n\t<meta property=\"og:image:height\" content=\"1500\" \/>\n\t<meta property=\"og:image:type\" content=\"image\/jpeg\" \/>\n<meta name=\"twitter:card\" content=\"summary_large_image\" \/>\n<meta name=\"twitter:label1\" content=\"Dur\u00e9e de lecture estim\u00e9e\" \/>\n\t<meta name=\"twitter:data1\" content=\"1 minute\" \/>\n<script type=\"application\/ld+json\" class=\"yoast-schema-graph\">{\"@context\":\"https:\\\/\\\/schema.org\",\"@graph\":[{\"@type\":\"WebPage\",\"@id\":\"https:\\\/\\\/www.perfectvanwamel.com\\\/fr\\\/produit\\\/broyeur-daccotement-industriel-serie-zf-pro\\\/\",\"url\":\"https:\\\/\\\/www.perfectvanwamel.com\\\/fr\\\/produit\\\/broyeur-daccotement-industriel-serie-zf-pro\\\/\",\"name\":\"Broyeur d\u2019accotement industriel, s\u00e9rie ZF PRO - PERFECT - Van Wamel\",\"isPartOf\":{\"@id\":\"https:\\\/\\\/www.perfectvanwamel.com\\\/fr\\\/#website\"},\"primaryImageOfPage\":{\"@id\":\"https:\\\/\\\/www.perfectvanwamel.com\\\/fr\\\/produit\\\/broyeur-daccotement-industriel-serie-zf-pro\\\/#primaryimage\"},\"image\":{\"@id\":\"https:\\\/\\\/www.perfectvanwamel.com\\\/fr\\\/produit\\\/broyeur-daccotement-industriel-serie-zf-pro\\\/#primaryimage\"},\"thumbnailUrl\":\"https:\\\/\\\/www.perfectvanwamel.com\\\/wp-content\\\/uploads\\\/2020\\\/04\\\/ZF-PRO-vrijstaand.jpg\",\"datePublished\":\"2020-04-28T06:51:35+00:00\",\"dateModified\":\"2026-03-04T14:46:18+00:00\",\"breadcrumb\":{\"@id\":\"https:\\\/\\\/www.perfectvanwamel.com\\\/fr\\\/produit\\\/broyeur-daccotement-industriel-serie-zf-pro\\\/#breadcrumb\"},\"inLanguage\":\"fr-FR\",\"potentialAction\":[{\"@type\":\"ReadAction\",\"target\":[\"https:\\\/\\\/www.perfectvanwamel.com\\\/fr\\\/produit\\\/broyeur-daccotement-industriel-serie-zf-pro\\\/\"]}]},{\"@type\":\"ImageObject\",\"inLanguage\":\"fr-FR\",\"@id\":\"https:\\\/\\\/www.perfectvanwamel.com\\\/fr\\\/produit\\\/broyeur-daccotement-industriel-serie-zf-pro\\\/#primaryimage\",\"url\":\"https:\\\/\\\/www.perfectvanwamel.com\\\/wp-content\\\/uploads\\\/2020\\\/04\\\/ZF-PRO-vrijstaand.jpg\",\"contentUrl\":\"https:\\\/\\\/www.perfectvanwamel.com\\\/wp-content\\\/uploads\\\/2020\\\/04\\\/ZF-PRO-vrijstaand.jpg\",\"width\":2000,\"height\":1500},{\"@type\":\"BreadcrumbList\",\"@id\":\"https:\\\/\\\/www.perfectvanwamel.com\\\/fr\\\/produit\\\/broyeur-daccotement-industriel-serie-zf-pro\\\/#breadcrumb\",\"itemListElement\":[{\"@type\":\"ListItem\",\"position\":1,\"name\":\"Home\",\"item\":\"https:\\\/\\\/staging.perfectvanwamel.com\\\/fr\\\/\"},{\"@type\":\"ListItem\",\"position\":2,\"name\":\"Technologie\",\"item\":\"https:\\\/\\\/staging.perfectvanwamel.com\\\/fr\\\/technologie\\\/\"},{\"@type\":\"ListItem\",\"position\":3,\"name\":\"Broyeur d\u2019accotement industriel, s\u00e9rie ZF PRO\"}]},{\"@type\":\"WebSite\",\"@id\":\"https:\\\/\\\/www.perfectvanwamel.com\\\/fr\\\/#website\",\"url\":\"https:\\\/\\\/www.perfectvanwamel.com\\\/fr\\\/\",\"name\":\"PERFECT - Van Wamel\",\"description\":\"\",\"potentialAction\":[{\"@type\":\"SearchAction\",\"target\":{\"@type\":\"EntryPoint\",\"urlTemplate\":\"https:\\\/\\\/www.perfectvanwamel.com\\\/fr\\\/?s={search_term_string}\"},\"query-input\":{\"@type\":\"PropertyValueSpecification\",\"valueRequired\":true,\"valueName\":\"search_term_string\"}}],\"inLanguage\":\"fr-FR\"}]}<\/script>\n<!-- \/ Yoast SEO plugin. -->","yoast_head_json":{"title":"Broyeur d\u2019accotement industriel, s\u00e9rie ZF PRO - PERFECT - Van Wamel","robots":{"index":"index","follow":"follow","max-snippet":"max-snippet:-1","max-image-preview":"max-image-preview:large","max-video-preview":"max-video-preview:-1"},"canonical":"https:\/\/www.perfectvanwamel.com\/fr\/produit\/broyeur-daccotement-industriel-serie-zf-pro\/","og_locale":"fr_FR","og_type":"article","og_title":"Broyeur d\u2019accotement industriel, s\u00e9rie ZF PRO - PERFECT - Van Wamel","og_description":"Rotobroyeur extr\u00eamement robuste pour utilisation tr\u00e8s intensive. Grand d\u00e9port afin de pouvoir travailler loin du tracteur, par exemple dans les foss\u00e9s, ou en combinaison avec un broyeur frontal.","og_url":"https:\/\/www.perfectvanwamel.com\/fr\/produit\/broyeur-daccotement-industriel-serie-zf-pro\/","og_site_name":"PERFECT - Van Wamel","article_modified_time":"2026-03-04T14:46:18+00:00","og_image":[{"width":2000,"height":1500,"url":"https:\/\/staging.perfectvanwamel.com\/wp-content\/uploads\/2020\/04\/ZF-PRO-vrijstaand.jpg","type":"image\/jpeg"}],"twitter_card":"summary_large_image","twitter_misc":{"Dur\u00e9e de lecture estim\u00e9e":"1 minute"},"schema":{"@context":"https:\/\/schema.org","@graph":[{"@type":"WebPage","@id":"https:\/\/www.perfectvanwamel.com\/fr\/produit\/broyeur-daccotement-industriel-serie-zf-pro\/","url":"https:\/\/www.perfectvanwamel.com\/fr\/produit\/broyeur-daccotement-industriel-serie-zf-pro\/","name":"Broyeur d\u2019accotement industriel, s\u00e9rie ZF PRO - PERFECT - Van Wamel","isPartOf":{"@id":"https:\/\/www.perfectvanwamel.com\/fr\/#website"},"primaryImageOfPage":{"@id":"https:\/\/www.perfectvanwamel.com\/fr\/produit\/broyeur-daccotement-industriel-serie-zf-pro\/#primaryimage"},"image":{"@id":"https:\/\/www.perfectvanwamel.com\/fr\/produit\/broyeur-daccotement-industriel-serie-zf-pro\/#primaryimage"},"thumbnailUrl":"https:\/\/www.perfectvanwamel.com\/wp-content\/uploads\/2020\/04\/ZF-PRO-vrijstaand.jpg","datePublished":"2020-04-28T06:51:35+00:00","dateModified":"2026-03-04T14:46:18+00:00","breadcrumb":{"@id":"https:\/\/www.perfectvanwamel.com\/fr\/produit\/broyeur-daccotement-industriel-serie-zf-pro\/#breadcrumb"},"inLanguage":"fr-FR","potentialAction":[{"@type":"ReadAction","target":["https:\/\/www.perfectvanwamel.com\/fr\/produit\/broyeur-daccotement-industriel-serie-zf-pro\/"]}]},{"@type":"ImageObject","inLanguage":"fr-FR","@id":"https:\/\/www.perfectvanwamel.com\/fr\/produit\/broyeur-daccotement-industriel-serie-zf-pro\/#primaryimage","url":"https:\/\/www.perfectvanwamel.com\/wp-content\/uploads\/2020\/04\/ZF-PRO-vrijstaand.jpg","contentUrl":"https:\/\/www.perfectvanwamel.com\/wp-content\/uploads\/2020\/04\/ZF-PRO-vrijstaand.jpg","width":2000,"height":1500},{"@type":"BreadcrumbList","@id":"https:\/\/www.perfectvanwamel.com\/fr\/produit\/broyeur-daccotement-industriel-serie-zf-pro\/#breadcrumb","itemListElement":[{"@type":"ListItem","position":1,"name":"Home","item":"https:\/\/staging.perfectvanwamel.com\/fr\/"},{"@type":"ListItem","position":2,"name":"Technologie","item":"https:\/\/staging.perfectvanwamel.com\/fr\/technologie\/"},{"@type":"ListItem","position":3,"name":"Broyeur d\u2019accotement industriel, s\u00e9rie ZF PRO"}]},{"@type":"WebSite","@id":"https:\/\/www.perfectvanwamel.com\/fr\/#website","url":"https:\/\/www.perfectvanwamel.com\/fr\/","name":"PERFECT - Van Wamel","description":"","potentialAction":[{"@type":"SearchAction","target":{"@type":"EntryPoint","urlTemplate":"https:\/\/www.perfectvanwamel.com\/fr\/?s={search_term_string}"},"query-input":{"@type":"PropertyValueSpecification","valueRequired":true,"valueName":"search_term_string"}}],"inLanguage":"fr-FR"}]}},"_links":{"self":[{"href":"https:\/\/www.perfectvanwamel.com\/fr\/wp-json\/wp\/v2\/product\/6506","targetHints":{"allow":["GET"]}}],"collection":[{"href":"https:\/\/www.perfectvanwamel.com\/fr\/wp-json\/wp\/v2\/product"}],"about":[{"href":"https:\/\/www.perfectvanwamel.com\/fr\/wp-json\/wp\/v2\/types\/product"}],"wp:featuredmedia":[{"embeddable":true,"href":"https:\/\/www.perfectvanwamel.com\/fr\/wp-json\/wp\/v2\/media\/27947"}],"wp:attachment":[{"href":"https:\/\/www.perfectvanwamel.com\/fr\/wp-json\/wp\/v2\/media?parent=6506"}],"wp:term":[{"taxonomy":"product_brand","embeddable":true,"href":"https:\/\/www.perfectvanwamel.com\/fr\/wp-json\/wp\/v2\/product_brand?post=6506"},{"taxonomy":"product_cat","embeddable":true,"href":"https:\/\/www.perfectvanwamel.com\/fr\/wp-json\/wp\/v2\/product_cat?post=6506"},{"taxonomy":"product_tag","embeddable":true,"href":"https:\/\/www.perfectvanwamel.com\/fr\/wp-json\/wp\/v2\/product_tag?post=6506"}],"curies":[{"name":"wp","href":"https:\/\/api.w.org\/{rel}","templated":true}]}}