{"id":6507,"date":"2020-04-28T07:08:19","date_gmt":"2020-04-28T05:08:19","guid":{"rendered":"https:\/\/www.perfectvanwamel.com\/product\/solo-swing-serie-sza\/"},"modified":"2026-03-06T09:54:39","modified_gmt":"2026-03-06T08:54:39","slug":"solo-swing-serie-sza","status":"publish","type":"product","link":"https:\/\/www.perfectvanwamel.com\/fr\/produit\/solo-swing-serie-sza\/","title":{"rendered":"Attelage Solo-Swing \u2013 S\u00e9rie SZA"},"content":{"rendered":"<p>Le disque mobile, \u00e9quip\u00e9 en s\u00e9rie de couteaux oscillants, est pourvu d\u2019un dispositif de r\u00e9glage de la hauteur de fauche et de la pression de collision ; cela permet un ajustement \u00e0 diverses circonstances de travail.<\/p>\n<p>En option, le SZA peut \u00eatre \u00e9quip\u00e9e d\u2019un t\u00e2tonneur m\u00e9canique-hydraulique ; cette option peut \u00eatre pr\u00e9cieuse, surtout pour les arbres sensibles (tr\u00e8s jeunes).<\/p>\n","protected":false},"excerpt":{"rendered":"<p>Le Solo-Swing est un disque mobile \u00e0 entra\u00eenement hydraulique pour faucher autour des arbres, poteaux et autres obstacles. Les mod\u00e8les SZA sont livr\u00e9s avec une barre de montage et peuvent facilement \u00eatre fix\u00e9s \u00e0 une faucheuse rotative ou un rotobroyeur.<\/p>\n<p>Le SZA peut \u00e9galement \u00eatre mont\u00e9e sur une mini-pelle ; un attelage sp\u00e9cial est pour cela disponible, pourvu de roues pivotantes. Ces roues veillent \u00e0 un excellent suivi des contours du terrain.<\/p>\n<p>Le SZA est disponible avec un disque de 42, 50, 60 et 85 cm.<\/p>\n","protected":false},"featured_media":28459,"template":"","meta":{"_acf_changed":false},"product_brand":[],"product_cat":[1833],"product_tag":[],"class_list":{"0":"post-6507","1":"product","2":"type-product","3":"status-publish","4":"has-post-thumbnail","6":"product_cat-disques-mobiles","7":"pa_denkende-schijf-ja-fr","8":"pa_gewicht-kg-100-fr","9":"pa_gewicht-kg-110-fr","10":"pa_gewicht-kg-85-fr","11":"pa_werkbreedte-cm-50-fr","12":"pa_werkbreedte-cm-60-fr","13":"pa_werkbreedte-cm-85-fr","15":"first","16":"instock","17":"shipping-taxable","18":"product-type-simple"},"acf":[],"yoast_head":"<!-- This site is optimized with the Yoast SEO plugin v27.4 - https:\/\/yoast.com\/product\/yoast-seo-wordpress\/ -->\n<title>Attelage Solo-Swing \u2013 S\u00e9rie SZA - PERFECT - Van Wamel<\/title>\n<meta name=\"robots\" content=\"index, follow, max-snippet:-1, max-image-preview:large, max-video-preview:-1\" \/>\n<link rel=\"canonical\" href=\"https:\/\/www.perfectvanwamel.com\/fr\/produit\/solo-swing-serie-sza\/\" \/>\n<meta property=\"og:locale\" content=\"fr_FR\" \/>\n<meta property=\"og:type\" content=\"article\" \/>\n<meta property=\"og:title\" content=\"Attelage Solo-Swing \u2013 S\u00e9rie SZA - PERFECT - Van Wamel\" \/>\n<meta property=\"og:description\" content=\"Le Solo-Swing est un disque mobile \u00e0 entra\u00eenement hydraulique pour faucher autour des arbres, poteaux et autres obstacles. Les mod\u00e8les SZA sont livr\u00e9s avec une barre de montage et peuvent facilement \u00eatre fix\u00e9s \u00e0 une faucheuse rotative ou un rotobroyeur.  Le SZA peut \u00e9galement \u00eatre mont\u00e9e sur une mini-pelle ; un attelage sp\u00e9cial est pour cela disponible, pourvu de roues pivotantes. Ces roues veillent \u00e0 un excellent suivi des contours du terrain.  Le SZA est disponible avec un disque de 42, 50, 60 et 85 cm.\" \/>\n<meta property=\"og:url\" content=\"https:\/\/www.perfectvanwamel.com\/fr\/produit\/solo-swing-serie-sza\/\" \/>\n<meta property=\"og:site_name\" content=\"PERFECT - Van Wamel\" \/>\n<meta property=\"article:modified_time\" content=\"2026-03-06T08:54:39+00:00\" \/>\n<meta property=\"og:image\" content=\"https:\/\/staging.perfectvanwamel.com\/wp-content\/uploads\/2020\/04\/SZA-600.jpg\" \/>\n\t<meta property=\"og:image:width\" content=\"1644\" \/>\n\t<meta property=\"og:image:height\" content=\"942\" \/>\n\t<meta property=\"og:image:type\" content=\"image\/jpeg\" \/>\n<meta name=\"twitter:card\" content=\"summary_large_image\" \/>\n<script type=\"application\/ld+json\" class=\"yoast-schema-graph\">{\"@context\":\"https:\\\/\\\/schema.org\",\"@graph\":[{\"@type\":\"WebPage\",\"@id\":\"https:\\\/\\\/www.perfectvanwamel.com\\\/fr\\\/produit\\\/solo-swing-serie-sza\\\/\",\"url\":\"https:\\\/\\\/www.perfectvanwamel.com\\\/fr\\\/produit\\\/solo-swing-serie-sza\\\/\",\"name\":\"Attelage Solo-Swing \u2013 S\u00e9rie SZA - PERFECT - Van Wamel\",\"isPartOf\":{\"@id\":\"https:\\\/\\\/www.perfectvanwamel.com\\\/fr\\\/#website\"},\"primaryImageOfPage\":{\"@id\":\"https:\\\/\\\/www.perfectvanwamel.com\\\/fr\\\/produit\\\/solo-swing-serie-sza\\\/#primaryimage\"},\"image\":{\"@id\":\"https:\\\/\\\/www.perfectvanwamel.com\\\/fr\\\/produit\\\/solo-swing-serie-sza\\\/#primaryimage\"},\"thumbnailUrl\":\"https:\\\/\\\/www.perfectvanwamel.com\\\/wp-content\\\/uploads\\\/2020\\\/04\\\/SZA-600.jpg\",\"datePublished\":\"2020-04-28T05:08:19+00:00\",\"dateModified\":\"2026-03-06T08:54:39+00:00\",\"breadcrumb\":{\"@id\":\"https:\\\/\\\/www.perfectvanwamel.com\\\/fr\\\/produit\\\/solo-swing-serie-sza\\\/#breadcrumb\"},\"inLanguage\":\"fr-FR\",\"potentialAction\":[{\"@type\":\"ReadAction\",\"target\":[\"https:\\\/\\\/www.perfectvanwamel.com\\\/fr\\\/produit\\\/solo-swing-serie-sza\\\/\"]}]},{\"@type\":\"ImageObject\",\"inLanguage\":\"fr-FR\",\"@id\":\"https:\\\/\\\/www.perfectvanwamel.com\\\/fr\\\/produit\\\/solo-swing-serie-sza\\\/#primaryimage\",\"url\":\"https:\\\/\\\/www.perfectvanwamel.com\\\/wp-content\\\/uploads\\\/2020\\\/04\\\/SZA-600.jpg\",\"contentUrl\":\"https:\\\/\\\/www.perfectvanwamel.com\\\/wp-content\\\/uploads\\\/2020\\\/04\\\/SZA-600.jpg\",\"width\":1644,\"height\":942},{\"@type\":\"BreadcrumbList\",\"@id\":\"https:\\\/\\\/www.perfectvanwamel.com\\\/fr\\\/produit\\\/solo-swing-serie-sza\\\/#breadcrumb\",\"itemListElement\":[{\"@type\":\"ListItem\",\"position\":1,\"name\":\"Home\",\"item\":\"https:\\\/\\\/staging.perfectvanwamel.com\\\/fr\\\/\"},{\"@type\":\"ListItem\",\"position\":2,\"name\":\"Technologie\",\"item\":\"https:\\\/\\\/staging.perfectvanwamel.com\\\/fr\\\/technologie\\\/\"},{\"@type\":\"ListItem\",\"position\":3,\"name\":\"Attelage Solo-Swing \u2013 S\u00e9rie SZA\"}]},{\"@type\":\"WebSite\",\"@id\":\"https:\\\/\\\/www.perfectvanwamel.com\\\/fr\\\/#website\",\"url\":\"https:\\\/\\\/www.perfectvanwamel.com\\\/fr\\\/\",\"name\":\"PERFECT - Van Wamel\",\"description\":\"\",\"potentialAction\":[{\"@type\":\"SearchAction\",\"target\":{\"@type\":\"EntryPoint\",\"urlTemplate\":\"https:\\\/\\\/www.perfectvanwamel.com\\\/fr\\\/?s={search_term_string}\"},\"query-input\":{\"@type\":\"PropertyValueSpecification\",\"valueRequired\":true,\"valueName\":\"search_term_string\"}}],\"inLanguage\":\"fr-FR\"}]}<\/script>\n<!-- \/ Yoast SEO plugin. -->","yoast_head_json":{"title":"Attelage Solo-Swing \u2013 S\u00e9rie SZA - PERFECT - Van Wamel","robots":{"index":"index","follow":"follow","max-snippet":"max-snippet:-1","max-image-preview":"max-image-preview:large","max-video-preview":"max-video-preview:-1"},"canonical":"https:\/\/www.perfectvanwamel.com\/fr\/produit\/solo-swing-serie-sza\/","og_locale":"fr_FR","og_type":"article","og_title":"Attelage Solo-Swing \u2013 S\u00e9rie SZA - PERFECT - Van Wamel","og_description":"Le Solo-Swing est un disque mobile \u00e0 entra\u00eenement hydraulique pour faucher autour des arbres, poteaux et autres obstacles. Les mod\u00e8les SZA sont livr\u00e9s avec une barre de montage et peuvent facilement \u00eatre fix\u00e9s \u00e0 une faucheuse rotative ou un rotobroyeur.  Le SZA peut \u00e9galement \u00eatre mont\u00e9e sur une mini-pelle ; un attelage sp\u00e9cial est pour cela disponible, pourvu de roues pivotantes. Ces roues veillent \u00e0 un excellent suivi des contours du terrain.  Le SZA est disponible avec un disque de 42, 50, 60 et 85 cm.","og_url":"https:\/\/www.perfectvanwamel.com\/fr\/produit\/solo-swing-serie-sza\/","og_site_name":"PERFECT - Van Wamel","article_modified_time":"2026-03-06T08:54:39+00:00","og_image":[{"width":1644,"height":942,"url":"https:\/\/staging.perfectvanwamel.com\/wp-content\/uploads\/2020\/04\/SZA-600.jpg","type":"image\/jpeg"}],"twitter_card":"summary_large_image","schema":{"@context":"https:\/\/schema.org","@graph":[{"@type":"WebPage","@id":"https:\/\/www.perfectvanwamel.com\/fr\/produit\/solo-swing-serie-sza\/","url":"https:\/\/www.perfectvanwamel.com\/fr\/produit\/solo-swing-serie-sza\/","name":"Attelage Solo-Swing \u2013 S\u00e9rie SZA - PERFECT - Van Wamel","isPartOf":{"@id":"https:\/\/www.perfectvanwamel.com\/fr\/#website"},"primaryImageOfPage":{"@id":"https:\/\/www.perfectvanwamel.com\/fr\/produit\/solo-swing-serie-sza\/#primaryimage"},"image":{"@id":"https:\/\/www.perfectvanwamel.com\/fr\/produit\/solo-swing-serie-sza\/#primaryimage"},"thumbnailUrl":"https:\/\/www.perfectvanwamel.com\/wp-content\/uploads\/2020\/04\/SZA-600.jpg","datePublished":"2020-04-28T05:08:19+00:00","dateModified":"2026-03-06T08:54:39+00:00","breadcrumb":{"@id":"https:\/\/www.perfectvanwamel.com\/fr\/produit\/solo-swing-serie-sza\/#breadcrumb"},"inLanguage":"fr-FR","potentialAction":[{"@type":"ReadAction","target":["https:\/\/www.perfectvanwamel.com\/fr\/produit\/solo-swing-serie-sza\/"]}]},{"@type":"ImageObject","inLanguage":"fr-FR","@id":"https:\/\/www.perfectvanwamel.com\/fr\/produit\/solo-swing-serie-sza\/#primaryimage","url":"https:\/\/www.perfectvanwamel.com\/wp-content\/uploads\/2020\/04\/SZA-600.jpg","contentUrl":"https:\/\/www.perfectvanwamel.com\/wp-content\/uploads\/2020\/04\/SZA-600.jpg","width":1644,"height":942},{"@type":"BreadcrumbList","@id":"https:\/\/www.perfectvanwamel.com\/fr\/produit\/solo-swing-serie-sza\/#breadcrumb","itemListElement":[{"@type":"ListItem","position":1,"name":"Home","item":"https:\/\/staging.perfectvanwamel.com\/fr\/"},{"@type":"ListItem","position":2,"name":"Technologie","item":"https:\/\/staging.perfectvanwamel.com\/fr\/technologie\/"},{"@type":"ListItem","position":3,"name":"Attelage Solo-Swing \u2013 S\u00e9rie SZA"}]},{"@type":"WebSite","@id":"https:\/\/www.perfectvanwamel.com\/fr\/#website","url":"https:\/\/www.perfectvanwamel.com\/fr\/","name":"PERFECT - Van Wamel","description":"","potentialAction":[{"@type":"SearchAction","target":{"@type":"EntryPoint","urlTemplate":"https:\/\/www.perfectvanwamel.com\/fr\/?s={search_term_string}"},"query-input":{"@type":"PropertyValueSpecification","valueRequired":true,"valueName":"search_term_string"}}],"inLanguage":"fr-FR"}]}},"_links":{"self":[{"href":"https:\/\/www.perfectvanwamel.com\/fr\/wp-json\/wp\/v2\/product\/6507","targetHints":{"allow":["GET"]}}],"collection":[{"href":"https:\/\/www.perfectvanwamel.com\/fr\/wp-json\/wp\/v2\/product"}],"about":[{"href":"https:\/\/www.perfectvanwamel.com\/fr\/wp-json\/wp\/v2\/types\/product"}],"wp:featuredmedia":[{"embeddable":true,"href":"https:\/\/www.perfectvanwamel.com\/fr\/wp-json\/wp\/v2\/media\/28459"}],"wp:attachment":[{"href":"https:\/\/www.perfectvanwamel.com\/fr\/wp-json\/wp\/v2\/media?parent=6507"}],"wp:term":[{"taxonomy":"product_brand","embeddable":true,"href":"https:\/\/www.perfectvanwamel.com\/fr\/wp-json\/wp\/v2\/product_brand?post=6507"},{"taxonomy":"product_cat","embeddable":true,"href":"https:\/\/www.perfectvanwamel.com\/fr\/wp-json\/wp\/v2\/product_cat?post=6507"},{"taxonomy":"product_tag","embeddable":true,"href":"https:\/\/www.perfectvanwamel.com\/fr\/wp-json\/wp\/v2\/product_tag?post=6507"}],"curies":[{"name":"wp","href":"https:\/\/api.w.org\/{rel}","templated":true}]}}