{"id":6508,"date":"2020-04-28T07:18:07","date_gmt":"2020-04-28T05:18:07","guid":{"rendered":"https:\/\/www.perfectvanwamel.com\/product\/solo-swing-serie-szs\/"},"modified":"2020-04-28T07:18:07","modified_gmt":"2020-04-28T05:18:07","slug":"solo-swing-serie-szs","status":"publish","type":"product","link":"https:\/\/www.perfectvanwamel.com\/fr\/produit\/solo-swing-serie-szs\/","title":{"rendered":"Solo-Swing \u00e0 3 points \u2013 S\u00e9rie SZS"},"content":{"rendered":"<p>Le disque mobile, \u00e9quip\u00e9 en s\u00e9rie de couteaux oscillants, est pourvu d\u2019un dispositif de r\u00e9glage de la hauteur de fauche et de la pression de collision ; cela permet un ajustement \u00e0 diverses circonstances de travail.<\/p>\n<p>Les roues d\u2019appui pivotantes et une soucoupe de support \u00e0 coussinets veillent \u00e0 un bon suivi des contours du terrain, quelles que soient les roues du tracteur.<\/p>\n<p>En option, le SZS peut \u00eatre \u00e9quip\u00e9e d\u2019un t\u00e2tonneur m\u00e9canique-hydraulique ; cette option peut \u00eatre pr\u00e9cieuse, surtout pour les arbres sensibles (tr\u00e8s jeunes).<\/p>\n","protected":false},"excerpt":{"rendered":"<p>Le Solo-Swing est un disque mobile \u00e0 entra\u00eenement hydraulique pour faucher autour des arbres, poteaux et autres obstacles. Le SZS est tr\u00e8s facile \u00e0 monter \u00e0 l\u2019arri\u00e8re du tracteur et est \u00e9quip\u00e9 en s\u00e9rie d\u2019un d\u00e9port hydraulique pour pouvoir faucher loin du tracteur.<\/p>\n","protected":false},"featured_media":3826,"template":"","meta":{"_acf_changed":false},"product_brand":[],"product_cat":[1833],"product_tag":[],"class_list":{"0":"post-6508","1":"product","2":"type-product","3":"status-publish","4":"has-post-thumbnail","6":"product_cat-disques-mobiles","7":"pa_denkende-schijf-ja-fr","8":"pa_gewicht-kg-175-fr","9":"pa_gewicht-kg-195-fr","10":"pa_max-verstrek-midden-cm-210-fr","11":"pa_max-verstrek-midden-cm-220-fr","12":"pa_werkbreedte-cm-60-fr","13":"pa_werkbreedte-cm-85-fr","15":"first","16":"instock","17":"shipping-taxable","18":"product-type-simple"},"acf":[],"yoast_head":"<!-- This site is optimized with the Yoast SEO plugin v27.4 - https:\/\/yoast.com\/product\/yoast-seo-wordpress\/ -->\n<title>Solo-Swing \u00e0 3 points \u2013 S\u00e9rie SZS - PERFECT - Van Wamel<\/title>\n<meta name=\"robots\" content=\"index, follow, max-snippet:-1, max-image-preview:large, max-video-preview:-1\" \/>\n<link rel=\"canonical\" href=\"https:\/\/www.perfectvanwamel.com\/fr\/produit\/solo-swing-serie-szs\/\" \/>\n<meta property=\"og:locale\" content=\"fr_FR\" \/>\n<meta property=\"og:type\" content=\"article\" \/>\n<meta property=\"og:title\" content=\"Solo-Swing \u00e0 3 points \u2013 S\u00e9rie SZS - PERFECT - Van Wamel\" \/>\n<meta property=\"og:description\" content=\"Le Solo-Swing est un disque mobile \u00e0 entra\u00eenement hydraulique pour faucher autour des arbres, poteaux et autres obstacles. Le SZS est tr\u00e8s facile \u00e0 monter \u00e0 l\u2019arri\u00e8re du tracteur et est \u00e9quip\u00e9 en s\u00e9rie d\u2019un d\u00e9port hydraulique pour pouvoir faucher loin du tracteur.\" \/>\n<meta property=\"og:url\" content=\"https:\/\/www.perfectvanwamel.com\/fr\/produit\/solo-swing-serie-szs\/\" \/>\n<meta property=\"og:site_name\" content=\"PERFECT - Van Wamel\" \/>\n<meta property=\"og:image\" content=\"https:\/\/staging.perfectvanwamel.com\/wp-content\/uploads\/2020\/04\/PERFECT_rotary_mowers_SZS_2_-removebg-1.png\" \/>\n\t<meta property=\"og:image:width\" content=\"2000\" \/>\n\t<meta property=\"og:image:height\" content=\"1335\" \/>\n\t<meta property=\"og:image:type\" content=\"image\/png\" \/>\n<meta name=\"twitter:card\" content=\"summary_large_image\" \/>\n<script type=\"application\/ld+json\" class=\"yoast-schema-graph\">{\"@context\":\"https:\\\/\\\/schema.org\",\"@graph\":[{\"@type\":\"WebPage\",\"@id\":\"https:\\\/\\\/www.perfectvanwamel.com\\\/fr\\\/produit\\\/solo-swing-serie-szs\\\/\",\"url\":\"https:\\\/\\\/www.perfectvanwamel.com\\\/fr\\\/produit\\\/solo-swing-serie-szs\\\/\",\"name\":\"Solo-Swing \u00e0 3 points \u2013 S\u00e9rie SZS - PERFECT - Van Wamel\",\"isPartOf\":{\"@id\":\"https:\\\/\\\/www.perfectvanwamel.com\\\/fr\\\/#website\"},\"primaryImageOfPage\":{\"@id\":\"https:\\\/\\\/www.perfectvanwamel.com\\\/fr\\\/produit\\\/solo-swing-serie-szs\\\/#primaryimage\"},\"image\":{\"@id\":\"https:\\\/\\\/www.perfectvanwamel.com\\\/fr\\\/produit\\\/solo-swing-serie-szs\\\/#primaryimage\"},\"thumbnailUrl\":\"https:\\\/\\\/www.perfectvanwamel.com\\\/wp-content\\\/uploads\\\/2020\\\/04\\\/PERFECT_rotary_mowers_SZS_2_-removebg-1.png\",\"datePublished\":\"2020-04-28T05:18:07+00:00\",\"breadcrumb\":{\"@id\":\"https:\\\/\\\/www.perfectvanwamel.com\\\/fr\\\/produit\\\/solo-swing-serie-szs\\\/#breadcrumb\"},\"inLanguage\":\"fr-FR\",\"potentialAction\":[{\"@type\":\"ReadAction\",\"target\":[\"https:\\\/\\\/www.perfectvanwamel.com\\\/fr\\\/produit\\\/solo-swing-serie-szs\\\/\"]}]},{\"@type\":\"ImageObject\",\"inLanguage\":\"fr-FR\",\"@id\":\"https:\\\/\\\/www.perfectvanwamel.com\\\/fr\\\/produit\\\/solo-swing-serie-szs\\\/#primaryimage\",\"url\":\"https:\\\/\\\/www.perfectvanwamel.com\\\/wp-content\\\/uploads\\\/2020\\\/04\\\/PERFECT_rotary_mowers_SZS_2_-removebg-1.png\",\"contentUrl\":\"https:\\\/\\\/www.perfectvanwamel.com\\\/wp-content\\\/uploads\\\/2020\\\/04\\\/PERFECT_rotary_mowers_SZS_2_-removebg-1.png\",\"width\":2000,\"height\":1335},{\"@type\":\"BreadcrumbList\",\"@id\":\"https:\\\/\\\/www.perfectvanwamel.com\\\/fr\\\/produit\\\/solo-swing-serie-szs\\\/#breadcrumb\",\"itemListElement\":[{\"@type\":\"ListItem\",\"position\":1,\"name\":\"Home\",\"item\":\"https:\\\/\\\/staging.perfectvanwamel.com\\\/fr\\\/\"},{\"@type\":\"ListItem\",\"position\":2,\"name\":\"Produits\",\"item\":\"https:\\\/\\\/www.perfectvanwamel.com\\\/fr\\\/technologie\\\/\"},{\"@type\":\"ListItem\",\"position\":3,\"name\":\"Solo-Swing \u00e0 3 points \u2013 S\u00e9rie SZS\"}]},{\"@type\":\"WebSite\",\"@id\":\"https:\\\/\\\/www.perfectvanwamel.com\\\/fr\\\/#website\",\"url\":\"https:\\\/\\\/www.perfectvanwamel.com\\\/fr\\\/\",\"name\":\"PERFECT - Van Wamel\",\"description\":\"\",\"potentialAction\":[{\"@type\":\"SearchAction\",\"target\":{\"@type\":\"EntryPoint\",\"urlTemplate\":\"https:\\\/\\\/www.perfectvanwamel.com\\\/fr\\\/?s={search_term_string}\"},\"query-input\":{\"@type\":\"PropertyValueSpecification\",\"valueRequired\":true,\"valueName\":\"search_term_string\"}}],\"inLanguage\":\"fr-FR\"}]}<\/script>\n<!-- \/ Yoast SEO plugin. -->","yoast_head_json":{"title":"Solo-Swing \u00e0 3 points \u2013 S\u00e9rie SZS - PERFECT - Van Wamel","robots":{"index":"index","follow":"follow","max-snippet":"max-snippet:-1","max-image-preview":"max-image-preview:large","max-video-preview":"max-video-preview:-1"},"canonical":"https:\/\/www.perfectvanwamel.com\/fr\/produit\/solo-swing-serie-szs\/","og_locale":"fr_FR","og_type":"article","og_title":"Solo-Swing \u00e0 3 points \u2013 S\u00e9rie SZS - PERFECT - Van Wamel","og_description":"Le Solo-Swing est un disque mobile \u00e0 entra\u00eenement hydraulique pour faucher autour des arbres, poteaux et autres obstacles. Le SZS est tr\u00e8s facile \u00e0 monter \u00e0 l\u2019arri\u00e8re du tracteur et est \u00e9quip\u00e9 en s\u00e9rie d\u2019un d\u00e9port hydraulique pour pouvoir faucher loin du tracteur.","og_url":"https:\/\/www.perfectvanwamel.com\/fr\/produit\/solo-swing-serie-szs\/","og_site_name":"PERFECT - Van Wamel","og_image":[{"width":2000,"height":1335,"url":"https:\/\/staging.perfectvanwamel.com\/wp-content\/uploads\/2020\/04\/PERFECT_rotary_mowers_SZS_2_-removebg-1.png","type":"image\/png"}],"twitter_card":"summary_large_image","schema":{"@context":"https:\/\/schema.org","@graph":[{"@type":"WebPage","@id":"https:\/\/www.perfectvanwamel.com\/fr\/produit\/solo-swing-serie-szs\/","url":"https:\/\/www.perfectvanwamel.com\/fr\/produit\/solo-swing-serie-szs\/","name":"Solo-Swing \u00e0 3 points \u2013 S\u00e9rie SZS - PERFECT - Van Wamel","isPartOf":{"@id":"https:\/\/www.perfectvanwamel.com\/fr\/#website"},"primaryImageOfPage":{"@id":"https:\/\/www.perfectvanwamel.com\/fr\/produit\/solo-swing-serie-szs\/#primaryimage"},"image":{"@id":"https:\/\/www.perfectvanwamel.com\/fr\/produit\/solo-swing-serie-szs\/#primaryimage"},"thumbnailUrl":"https:\/\/www.perfectvanwamel.com\/wp-content\/uploads\/2020\/04\/PERFECT_rotary_mowers_SZS_2_-removebg-1.png","datePublished":"2020-04-28T05:18:07+00:00","breadcrumb":{"@id":"https:\/\/www.perfectvanwamel.com\/fr\/produit\/solo-swing-serie-szs\/#breadcrumb"},"inLanguage":"fr-FR","potentialAction":[{"@type":"ReadAction","target":["https:\/\/www.perfectvanwamel.com\/fr\/produit\/solo-swing-serie-szs\/"]}]},{"@type":"ImageObject","inLanguage":"fr-FR","@id":"https:\/\/www.perfectvanwamel.com\/fr\/produit\/solo-swing-serie-szs\/#primaryimage","url":"https:\/\/www.perfectvanwamel.com\/wp-content\/uploads\/2020\/04\/PERFECT_rotary_mowers_SZS_2_-removebg-1.png","contentUrl":"https:\/\/www.perfectvanwamel.com\/wp-content\/uploads\/2020\/04\/PERFECT_rotary_mowers_SZS_2_-removebg-1.png","width":2000,"height":1335},{"@type":"BreadcrumbList","@id":"https:\/\/www.perfectvanwamel.com\/fr\/produit\/solo-swing-serie-szs\/#breadcrumb","itemListElement":[{"@type":"ListItem","position":1,"name":"Home","item":"https:\/\/staging.perfectvanwamel.com\/fr\/"},{"@type":"ListItem","position":2,"name":"Produits","item":"https:\/\/www.perfectvanwamel.com\/fr\/technologie\/"},{"@type":"ListItem","position":3,"name":"Solo-Swing \u00e0 3 points \u2013 S\u00e9rie SZS"}]},{"@type":"WebSite","@id":"https:\/\/www.perfectvanwamel.com\/fr\/#website","url":"https:\/\/www.perfectvanwamel.com\/fr\/","name":"PERFECT - Van Wamel","description":"","potentialAction":[{"@type":"SearchAction","target":{"@type":"EntryPoint","urlTemplate":"https:\/\/www.perfectvanwamel.com\/fr\/?s={search_term_string}"},"query-input":{"@type":"PropertyValueSpecification","valueRequired":true,"valueName":"search_term_string"}}],"inLanguage":"fr-FR"}]}},"_links":{"self":[{"href":"https:\/\/www.perfectvanwamel.com\/fr\/wp-json\/wp\/v2\/product\/6508","targetHints":{"allow":["GET"]}}],"collection":[{"href":"https:\/\/www.perfectvanwamel.com\/fr\/wp-json\/wp\/v2\/product"}],"about":[{"href":"https:\/\/www.perfectvanwamel.com\/fr\/wp-json\/wp\/v2\/types\/product"}],"wp:featuredmedia":[{"embeddable":true,"href":"https:\/\/www.perfectvanwamel.com\/fr\/wp-json\/wp\/v2\/media\/3826"}],"wp:attachment":[{"href":"https:\/\/www.perfectvanwamel.com\/fr\/wp-json\/wp\/v2\/media?parent=6508"}],"wp:term":[{"taxonomy":"product_brand","embeddable":true,"href":"https:\/\/www.perfectvanwamel.com\/fr\/wp-json\/wp\/v2\/product_brand?post=6508"},{"taxonomy":"product_cat","embeddable":true,"href":"https:\/\/www.perfectvanwamel.com\/fr\/wp-json\/wp\/v2\/product_cat?post=6508"},{"taxonomy":"product_tag","embeddable":true,"href":"https:\/\/www.perfectvanwamel.com\/fr\/wp-json\/wp\/v2\/product_tag?post=6508"}],"curies":[{"name":"wp","href":"https:\/\/api.w.org\/{rel}","templated":true}]}}