{"id":6510,"date":"2020-04-28T07:19:41","date_gmt":"2020-04-28T05:19:41","guid":{"rendered":"https:\/\/www.perfectvanwamel.com\/product\/solo-swing-serie-szx\/"},"modified":"2021-11-10T16:26:40","modified_gmt":"2021-11-10T15:26:40","slug":"solo-swing-serie-szx","status":"publish","type":"product","link":"https:\/\/www.perfectvanwamel.com\/fr\/produit\/solo-swing-serie-szx\/","title":{"rendered":"Solo-Swing avec grand disque pour relevage frontal\u2013 S\u00e9rie SZX"},"content":{"rendered":"<p>Le disque mobile, \u00e9quip\u00e9 en s\u00e9rie de couteaux oscillants, est pourvu d\u2019un dispositif de r\u00e9glage de la hauteur de fauche et de la pression de collision ; cela permet un ajustement \u00e0 diverses circonstances de travail.<\/p>\n<p>Le d\u00e9port est r\u00e9gl\u00e9 depuis le tracteur avec le d\u00e9port parall\u00e9logramme ; deux roues d\u2019appui et une soucoupe de support veillent \u00e0 un excellent suivi des contours du terrain.<\/p>\n<p>En option, la machine peut \u00eatre \u00e9quip\u00e9e d\u2019un t\u00e2tonneur m\u00e9canique-hydraulique ; cette option peut \u00eatre pr\u00e9cieuse, surtout pour les arbres sensibles (tr\u00e8s jeunes) et le travail sur des terrains en pente.<\/p>\n","protected":false},"excerpt":{"rendered":"<p>Le Solo-Swing est un disque mobile \u00e0 entra\u00eenement hydraulique pour faucher autour des arbres, poteaux et autres obstacles. Le SZX est livr\u00e9 avec un attelage pour le relevage frontal, une version pour montage \u00e0 l\u2019arri\u00e8re du tracteur est \u00e9galement disponible.<\/p>\n<p>Le SZX est \u00e9quip\u00e9 en s\u00e9rie d\u2019un disque de 85 cm.<\/p>\n","protected":false},"featured_media":28472,"template":"","meta":{"_acf_changed":false},"product_brand":[],"product_cat":[1833],"product_tag":[],"class_list":{"0":"post-6510","1":"product","2":"type-product","3":"status-publish","4":"has-post-thumbnail","6":"product_cat-disques-mobiles","7":"pa_denkende-schijf-ja-fr","8":"pa_gewicht-kg-275-fr","9":"pa_max-verstrek-midden-cm-245-fr","10":"pa_werkbreedte-cm-85-fr","12":"first","13":"instock","14":"shipping-taxable","15":"product-type-simple"},"acf":[],"yoast_head":"<!-- This site is optimized with the Yoast SEO plugin v27.4 - https:\/\/yoast.com\/product\/yoast-seo-wordpress\/ -->\n<title>Solo-Swing avec grand disque pour relevage frontal\u2013 S\u00e9rie SZX - PERFECT - Van Wamel<\/title>\n<meta name=\"robots\" content=\"index, follow, max-snippet:-1, max-image-preview:large, max-video-preview:-1\" \/>\n<link rel=\"canonical\" href=\"https:\/\/www.perfectvanwamel.com\/fr\/produit\/solo-swing-serie-szx\/\" \/>\n<meta property=\"og:locale\" content=\"fr_FR\" \/>\n<meta property=\"og:type\" content=\"article\" \/>\n<meta property=\"og:title\" content=\"Solo-Swing avec grand disque pour relevage frontal\u2013 S\u00e9rie SZX - PERFECT - Van Wamel\" \/>\n<meta property=\"og:description\" content=\"Le Solo-Swing est un disque mobile \u00e0 entra\u00eenement hydraulique pour faucher autour des arbres, poteaux et autres obstacles. Le SZX est livr\u00e9 avec un attelage pour le relevage frontal, une version pour montage \u00e0 l\u2019arri\u00e8re du tracteur est \u00e9galement disponible.  Le SZX est \u00e9quip\u00e9 en s\u00e9rie d\u2019un disque de 85 cm.\" \/>\n<meta property=\"og:url\" content=\"https:\/\/www.perfectvanwamel.com\/fr\/produit\/solo-swing-serie-szx\/\" \/>\n<meta property=\"og:site_name\" content=\"PERFECT - Van Wamel\" \/>\n<meta property=\"article:modified_time\" content=\"2021-11-10T15:26:40+00:00\" \/>\n<meta property=\"og:image\" content=\"https:\/\/staging.perfectvanwamel.com\/wp-content\/uploads\/2020\/04\/SZX-850.jpg\" \/>\n\t<meta property=\"og:image:width\" content=\"2140\" \/>\n\t<meta property=\"og:image:height\" content=\"1330\" \/>\n\t<meta property=\"og:image:type\" content=\"image\/jpeg\" \/>\n<meta name=\"twitter:card\" content=\"summary_large_image\" \/>\n<meta name=\"twitter:label1\" content=\"Dur\u00e9e de lecture estim\u00e9e\" \/>\n\t<meta name=\"twitter:data1\" content=\"1 minute\" \/>\n<script type=\"application\/ld+json\" class=\"yoast-schema-graph\">{\"@context\":\"https:\\\/\\\/schema.org\",\"@graph\":[{\"@type\":\"WebPage\",\"@id\":\"https:\\\/\\\/www.perfectvanwamel.com\\\/fr\\\/produit\\\/solo-swing-serie-szx\\\/\",\"url\":\"https:\\\/\\\/www.perfectvanwamel.com\\\/fr\\\/produit\\\/solo-swing-serie-szx\\\/\",\"name\":\"Solo-Swing avec grand disque pour relevage frontal\u2013 S\u00e9rie SZX - PERFECT - Van Wamel\",\"isPartOf\":{\"@id\":\"https:\\\/\\\/www.perfectvanwamel.com\\\/fr\\\/#website\"},\"primaryImageOfPage\":{\"@id\":\"https:\\\/\\\/www.perfectvanwamel.com\\\/fr\\\/produit\\\/solo-swing-serie-szx\\\/#primaryimage\"},\"image\":{\"@id\":\"https:\\\/\\\/www.perfectvanwamel.com\\\/fr\\\/produit\\\/solo-swing-serie-szx\\\/#primaryimage\"},\"thumbnailUrl\":\"https:\\\/\\\/www.perfectvanwamel.com\\\/wp-content\\\/uploads\\\/2020\\\/04\\\/SZX-850.jpg\",\"datePublished\":\"2020-04-28T05:19:41+00:00\",\"dateModified\":\"2021-11-10T15:26:40+00:00\",\"breadcrumb\":{\"@id\":\"https:\\\/\\\/www.perfectvanwamel.com\\\/fr\\\/produit\\\/solo-swing-serie-szx\\\/#breadcrumb\"},\"inLanguage\":\"fr-FR\",\"potentialAction\":[{\"@type\":\"ReadAction\",\"target\":[\"https:\\\/\\\/www.perfectvanwamel.com\\\/fr\\\/produit\\\/solo-swing-serie-szx\\\/\"]}]},{\"@type\":\"ImageObject\",\"inLanguage\":\"fr-FR\",\"@id\":\"https:\\\/\\\/www.perfectvanwamel.com\\\/fr\\\/produit\\\/solo-swing-serie-szx\\\/#primaryimage\",\"url\":\"https:\\\/\\\/www.perfectvanwamel.com\\\/wp-content\\\/uploads\\\/2020\\\/04\\\/SZX-850.jpg\",\"contentUrl\":\"https:\\\/\\\/www.perfectvanwamel.com\\\/wp-content\\\/uploads\\\/2020\\\/04\\\/SZX-850.jpg\",\"width\":2140,\"height\":1330},{\"@type\":\"BreadcrumbList\",\"@id\":\"https:\\\/\\\/www.perfectvanwamel.com\\\/fr\\\/produit\\\/solo-swing-serie-szx\\\/#breadcrumb\",\"itemListElement\":[{\"@type\":\"ListItem\",\"position\":1,\"name\":\"Home\",\"item\":\"https:\\\/\\\/staging.perfectvanwamel.com\\\/fr\\\/\"},{\"@type\":\"ListItem\",\"position\":2,\"name\":\"Technologie\",\"item\":\"https:\\\/\\\/staging.perfectvanwamel.com\\\/fr\\\/technologie\\\/\"},{\"@type\":\"ListItem\",\"position\":3,\"name\":\"Solo-Swing avec grand disque pour relevage frontal\u2013 S\u00e9rie SZX\"}]},{\"@type\":\"WebSite\",\"@id\":\"https:\\\/\\\/www.perfectvanwamel.com\\\/fr\\\/#website\",\"url\":\"https:\\\/\\\/www.perfectvanwamel.com\\\/fr\\\/\",\"name\":\"PERFECT - Van Wamel\",\"description\":\"\",\"potentialAction\":[{\"@type\":\"SearchAction\",\"target\":{\"@type\":\"EntryPoint\",\"urlTemplate\":\"https:\\\/\\\/www.perfectvanwamel.com\\\/fr\\\/?s={search_term_string}\"},\"query-input\":{\"@type\":\"PropertyValueSpecification\",\"valueRequired\":true,\"valueName\":\"search_term_string\"}}],\"inLanguage\":\"fr-FR\"}]}<\/script>\n<!-- \/ Yoast SEO plugin. -->","yoast_head_json":{"title":"Solo-Swing avec grand disque pour relevage frontal\u2013 S\u00e9rie SZX - PERFECT - Van Wamel","robots":{"index":"index","follow":"follow","max-snippet":"max-snippet:-1","max-image-preview":"max-image-preview:large","max-video-preview":"max-video-preview:-1"},"canonical":"https:\/\/www.perfectvanwamel.com\/fr\/produit\/solo-swing-serie-szx\/","og_locale":"fr_FR","og_type":"article","og_title":"Solo-Swing avec grand disque pour relevage frontal\u2013 S\u00e9rie SZX - PERFECT - Van Wamel","og_description":"Le Solo-Swing est un disque mobile \u00e0 entra\u00eenement hydraulique pour faucher autour des arbres, poteaux et autres obstacles. Le SZX est livr\u00e9 avec un attelage pour le relevage frontal, une version pour montage \u00e0 l\u2019arri\u00e8re du tracteur est \u00e9galement disponible.  Le SZX est \u00e9quip\u00e9 en s\u00e9rie d\u2019un disque de 85 cm.","og_url":"https:\/\/www.perfectvanwamel.com\/fr\/produit\/solo-swing-serie-szx\/","og_site_name":"PERFECT - Van Wamel","article_modified_time":"2021-11-10T15:26:40+00:00","og_image":[{"width":2140,"height":1330,"url":"https:\/\/staging.perfectvanwamel.com\/wp-content\/uploads\/2020\/04\/SZX-850.jpg","type":"image\/jpeg"}],"twitter_card":"summary_large_image","twitter_misc":{"Dur\u00e9e de lecture estim\u00e9e":"1 minute"},"schema":{"@context":"https:\/\/schema.org","@graph":[{"@type":"WebPage","@id":"https:\/\/www.perfectvanwamel.com\/fr\/produit\/solo-swing-serie-szx\/","url":"https:\/\/www.perfectvanwamel.com\/fr\/produit\/solo-swing-serie-szx\/","name":"Solo-Swing avec grand disque pour relevage frontal\u2013 S\u00e9rie SZX - PERFECT - Van Wamel","isPartOf":{"@id":"https:\/\/www.perfectvanwamel.com\/fr\/#website"},"primaryImageOfPage":{"@id":"https:\/\/www.perfectvanwamel.com\/fr\/produit\/solo-swing-serie-szx\/#primaryimage"},"image":{"@id":"https:\/\/www.perfectvanwamel.com\/fr\/produit\/solo-swing-serie-szx\/#primaryimage"},"thumbnailUrl":"https:\/\/www.perfectvanwamel.com\/wp-content\/uploads\/2020\/04\/SZX-850.jpg","datePublished":"2020-04-28T05:19:41+00:00","dateModified":"2021-11-10T15:26:40+00:00","breadcrumb":{"@id":"https:\/\/www.perfectvanwamel.com\/fr\/produit\/solo-swing-serie-szx\/#breadcrumb"},"inLanguage":"fr-FR","potentialAction":[{"@type":"ReadAction","target":["https:\/\/www.perfectvanwamel.com\/fr\/produit\/solo-swing-serie-szx\/"]}]},{"@type":"ImageObject","inLanguage":"fr-FR","@id":"https:\/\/www.perfectvanwamel.com\/fr\/produit\/solo-swing-serie-szx\/#primaryimage","url":"https:\/\/www.perfectvanwamel.com\/wp-content\/uploads\/2020\/04\/SZX-850.jpg","contentUrl":"https:\/\/www.perfectvanwamel.com\/wp-content\/uploads\/2020\/04\/SZX-850.jpg","width":2140,"height":1330},{"@type":"BreadcrumbList","@id":"https:\/\/www.perfectvanwamel.com\/fr\/produit\/solo-swing-serie-szx\/#breadcrumb","itemListElement":[{"@type":"ListItem","position":1,"name":"Home","item":"https:\/\/staging.perfectvanwamel.com\/fr\/"},{"@type":"ListItem","position":2,"name":"Technologie","item":"https:\/\/staging.perfectvanwamel.com\/fr\/technologie\/"},{"@type":"ListItem","position":3,"name":"Solo-Swing avec grand disque pour relevage frontal\u2013 S\u00e9rie SZX"}]},{"@type":"WebSite","@id":"https:\/\/www.perfectvanwamel.com\/fr\/#website","url":"https:\/\/www.perfectvanwamel.com\/fr\/","name":"PERFECT - Van Wamel","description":"","potentialAction":[{"@type":"SearchAction","target":{"@type":"EntryPoint","urlTemplate":"https:\/\/www.perfectvanwamel.com\/fr\/?s={search_term_string}"},"query-input":{"@type":"PropertyValueSpecification","valueRequired":true,"valueName":"search_term_string"}}],"inLanguage":"fr-FR"}]}},"_links":{"self":[{"href":"https:\/\/www.perfectvanwamel.com\/fr\/wp-json\/wp\/v2\/product\/6510","targetHints":{"allow":["GET"]}}],"collection":[{"href":"https:\/\/www.perfectvanwamel.com\/fr\/wp-json\/wp\/v2\/product"}],"about":[{"href":"https:\/\/www.perfectvanwamel.com\/fr\/wp-json\/wp\/v2\/types\/product"}],"wp:featuredmedia":[{"embeddable":true,"href":"https:\/\/www.perfectvanwamel.com\/fr\/wp-json\/wp\/v2\/media\/28472"}],"wp:attachment":[{"href":"https:\/\/www.perfectvanwamel.com\/fr\/wp-json\/wp\/v2\/media?parent=6510"}],"wp:term":[{"taxonomy":"product_brand","embeddable":true,"href":"https:\/\/www.perfectvanwamel.com\/fr\/wp-json\/wp\/v2\/product_brand?post=6510"},{"taxonomy":"product_cat","embeddable":true,"href":"https:\/\/www.perfectvanwamel.com\/fr\/wp-json\/wp\/v2\/product_cat?post=6510"},{"taxonomy":"product_tag","embeddable":true,"href":"https:\/\/www.perfectvanwamel.com\/fr\/wp-json\/wp\/v2\/product_tag?post=6510"}],"curies":[{"name":"wp","href":"https:\/\/api.w.org\/{rel}","templated":true}]}}