{"id":7644,"date":"2020-10-22T20:37:02","date_gmt":"2020-10-22T18:37:05","guid":{"rendered":"https:\/\/www.perfectvanwamel.com\/?post_type=product&#038;p=7644"},"modified":"2020-11-02T23:12:58","modified_gmt":"2020-11-02T22:12:58","slug":"marteaux-perfect-broyeurs","status":"publish","type":"product","link":"https:\/\/www.perfectvanwamel.com\/fr\/produit\/marteaux-perfect-broyeurs\/","title":{"rendered":"Marteaux PERFECT"},"content":{"rendered":"<h2><strong>Marteau 0,9 kilos<\/strong><\/h2>\n<p>Marteau avec un bord de coupe droit ce qui donne une tr\u00e8s belle coupe.<br \/>\nParfait pour l&#8217;herbe, engrais vert et autres r\u00e9sidus v\u00e9g\u00e9taux jusqu&#8217;\u00e0 3 cm de diam\u00e8tre.<\/p>\n<h2><strong>Marteau 2,2 kilos<\/strong><\/h2>\n<p>Marteau lourd pour des conditions difficiles et broyage bois de taille jusqu&#8217;\u00e0 10 cm de diam\u00e8tre. Le montage costaud et le poids de ce marteau donnent une force de frappe maximale, id\u00e9al pour le broyage des tiges de mais et des terrains fortement envahis. Ce marteau r\u00e9siste m\u00eame aux coups des gros cailloux.<\/p>\n<h2><strong>Marteaux Combi (2,7 kilos) NOUVEAUT\u00c9<\/strong><\/h2>\n<p>Marteau avec lame de coupe remplaceable. La lame est fabriqu\u00e9 d&#8217;un acier sp\u00e9cial et il reste bien tranchante ce qui fait que le marteau Combi donne un d\u00e9chiquetage tr\u00e8s fin du bois de taille, mais il donne aussi une super coupe en herbe.<\/p>\n<h2><strong>Marteaux Flex<\/strong><\/h2>\n<p>Ces marteaux avec suspension flexible sont disponible sur les broyeurs s\u00e9rie KP, ZW, KR et KW. Parfait pour utilisation sur des parcelles avec des gros cailloux ou autres objets; les martaux Flex donnent un super r\u00e9sultat et minimalisent les casses au niveau des marteaux.<\/p>\n<p>Vous reconnaissez les marteaux originaux PERFECT par le logo PERFECT, une garantie pour la qualit\u00e9 et durabilit\u00e9.<\/p>\n<h2><strong>Montage Pro-fix<\/strong><\/h2>\n<p>Le montage Pro-fix prot\u00e8ge votre rotor contre des dommages par des pierres ou d&#8217;autres objets. Une protection suppl\u00e9mentaire pour les conditions les plus durs.<\/p>\n","protected":false},"excerpt":{"rendered":"<p>Les broyeurs PERFECT sont disponibles avec diff\u00e9rents types de marteaux. En combinaison avec une large gamme de broyeurs vous pouvez choisir la machine qui r\u00e9pond de facon optimale \u00e0 votre besoin.<\/p>\n<p>Les marteaux PERFECT sont mont\u00e9s avec des boulons M20 et des douilles remplaceables qui font que, en combinaison avec un \u00e9quilibrage double, la dur\u00e9e de vie du rotor et le broyeur est maximis\u00e9.<\/p>\n","protected":false},"featured_media":7584,"template":"","meta":{"_acf_changed":false},"product_brand":[],"product_cat":[1829],"product_tag":[],"class_list":{"0":"post-7644","1":"product","2":"type-product","3":"status-publish","4":"has-post-thumbnail","6":"product_cat-broyeurs-bois-de-taille","7":"pa_aftakas-opm-1000-fr","8":"pa_denkende-schijf-nee-fr","9":"pa_gewicht-kg-1030-fr","10":"pa_gewicht-kg-1320-fr","11":"pa_gewicht-kg-900-fr","12":"pa_gewicht-kg-970-fr","13":"pa_hefinrichting-tractor-cat-ii-fr","14":"pa_min-benodigd-vermogen-kw-pk-21-18-fr","15":"pa_min-benodigd-vermogen-kw-pk-24-16-fr","16":"pa_min-benodigd-vermogen-kw-pk-28-16-fr","17":"pa_min-benodigd-vermogen-kw-pk-32-20-fr","18":"pa_totale-breedte-cm-274-fr","19":"pa_totale-breedte-cm-299-fr","20":"pa_totale-breedte-cm-329-fr","21":"pa_totale-breedte-cm-349-fr","22":"pa_werkbreedte-cm-245-fr","23":"pa_werkbreedte-cm-270-fr","24":"pa_werkbreedte-cm-300-fr","25":"pa_werkbreedte-cm-320-fr","27":"first","28":"instock","29":"shipping-taxable","30":"product-type-simple"},"acf":[],"yoast_head":"<!-- This site is optimized with the Yoast SEO plugin v27.4 - https:\/\/yoast.com\/product\/yoast-seo-wordpress\/ -->\n<title>Marteaux PERFECT - PERFECT - Van Wamel<\/title>\n<meta name=\"robots\" content=\"index, follow, max-snippet:-1, max-image-preview:large, max-video-preview:-1\" \/>\n<link rel=\"canonical\" href=\"https:\/\/www.perfectvanwamel.com\/fr\/produit\/marteaux-perfect-broyeurs\/\" \/>\n<meta property=\"og:locale\" content=\"fr_FR\" \/>\n<meta property=\"og:type\" content=\"article\" \/>\n<meta property=\"og:title\" content=\"Marteaux PERFECT - PERFECT - Van Wamel\" \/>\n<meta property=\"og:description\" content=\"Les broyeurs PERFECT sont disponibles avec diff\u00e9rents types de marteaux. En combinaison avec une large gamme de broyeurs vous pouvez choisir la machine qui r\u00e9pond de facon optimale \u00e0 votre besoin.  Les marteaux PERFECT sont mont\u00e9s avec des boulons M20 et des douilles remplaceables qui font que, en combinaison avec un \u00e9quilibrage double, la dur\u00e9e de vie du rotor et le broyeur est maximis\u00e9.\" \/>\n<meta property=\"og:url\" content=\"https:\/\/www.perfectvanwamel.com\/fr\/produit\/marteaux-perfect-broyeurs\/\" \/>\n<meta property=\"og:site_name\" content=\"PERFECT - Van Wamel\" \/>\n<meta property=\"article:modified_time\" content=\"2020-11-02T22:12:58+00:00\" \/>\n<meta property=\"og:image\" content=\"https:\/\/staging.perfectvanwamel.com\/wp-content\/uploads\/2020\/10\/Combi-klepel-tekening.jpg\" \/>\n\t<meta property=\"og:image:width\" content=\"1150\" \/>\n\t<meta property=\"og:image:height\" content=\"771\" \/>\n\t<meta property=\"og:image:type\" content=\"image\/jpeg\" \/>\n<meta name=\"twitter:card\" content=\"summary_large_image\" \/>\n<meta name=\"twitter:label1\" content=\"Dur\u00e9e de lecture estim\u00e9e\" \/>\n\t<meta name=\"twitter:data1\" content=\"1 minute\" \/>\n<script type=\"application\/ld+json\" class=\"yoast-schema-graph\">{\"@context\":\"https:\\\/\\\/schema.org\",\"@graph\":[{\"@type\":\"WebPage\",\"@id\":\"https:\\\/\\\/www.perfectvanwamel.com\\\/fr\\\/produit\\\/marteaux-perfect-broyeurs\\\/\",\"url\":\"https:\\\/\\\/www.perfectvanwamel.com\\\/fr\\\/produit\\\/marteaux-perfect-broyeurs\\\/\",\"name\":\"Marteaux PERFECT - PERFECT - Van Wamel\",\"isPartOf\":{\"@id\":\"https:\\\/\\\/www.perfectvanwamel.com\\\/fr\\\/#website\"},\"primaryImageOfPage\":{\"@id\":\"https:\\\/\\\/www.perfectvanwamel.com\\\/fr\\\/produit\\\/marteaux-perfect-broyeurs\\\/#primaryimage\"},\"image\":{\"@id\":\"https:\\\/\\\/www.perfectvanwamel.com\\\/fr\\\/produit\\\/marteaux-perfect-broyeurs\\\/#primaryimage\"},\"thumbnailUrl\":\"https:\\\/\\\/www.perfectvanwamel.com\\\/wp-content\\\/uploads\\\/2020\\\/10\\\/Combi-klepel-tekening.jpg\",\"datePublished\":\"2020-10-22T18:37:05+00:00\",\"dateModified\":\"2020-11-02T22:12:58+00:00\",\"breadcrumb\":{\"@id\":\"https:\\\/\\\/www.perfectvanwamel.com\\\/fr\\\/produit\\\/marteaux-perfect-broyeurs\\\/#breadcrumb\"},\"inLanguage\":\"fr-FR\",\"potentialAction\":[{\"@type\":\"ReadAction\",\"target\":[\"https:\\\/\\\/www.perfectvanwamel.com\\\/fr\\\/produit\\\/marteaux-perfect-broyeurs\\\/\"]}]},{\"@type\":\"ImageObject\",\"inLanguage\":\"fr-FR\",\"@id\":\"https:\\\/\\\/www.perfectvanwamel.com\\\/fr\\\/produit\\\/marteaux-perfect-broyeurs\\\/#primaryimage\",\"url\":\"https:\\\/\\\/www.perfectvanwamel.com\\\/wp-content\\\/uploads\\\/2020\\\/10\\\/Combi-klepel-tekening.jpg\",\"contentUrl\":\"https:\\\/\\\/www.perfectvanwamel.com\\\/wp-content\\\/uploads\\\/2020\\\/10\\\/Combi-klepel-tekening.jpg\",\"width\":1150,\"height\":771},{\"@type\":\"BreadcrumbList\",\"@id\":\"https:\\\/\\\/www.perfectvanwamel.com\\\/fr\\\/produit\\\/marteaux-perfect-broyeurs\\\/#breadcrumb\",\"itemListElement\":[{\"@type\":\"ListItem\",\"position\":1,\"name\":\"Home\",\"item\":\"https:\\\/\\\/staging.perfectvanwamel.com\\\/fr\\\/\"},{\"@type\":\"ListItem\",\"position\":2,\"name\":\"Technologie\",\"item\":\"https:\\\/\\\/staging.perfectvanwamel.com\\\/fr\\\/technologie\\\/\"},{\"@type\":\"ListItem\",\"position\":3,\"name\":\"Marteaux PERFECT\"}]},{\"@type\":\"WebSite\",\"@id\":\"https:\\\/\\\/www.perfectvanwamel.com\\\/fr\\\/#website\",\"url\":\"https:\\\/\\\/www.perfectvanwamel.com\\\/fr\\\/\",\"name\":\"PERFECT - Van Wamel\",\"description\":\"\",\"potentialAction\":[{\"@type\":\"SearchAction\",\"target\":{\"@type\":\"EntryPoint\",\"urlTemplate\":\"https:\\\/\\\/www.perfectvanwamel.com\\\/fr\\\/?s={search_term_string}\"},\"query-input\":{\"@type\":\"PropertyValueSpecification\",\"valueRequired\":true,\"valueName\":\"search_term_string\"}}],\"inLanguage\":\"fr-FR\"}]}<\/script>\n<!-- \/ Yoast SEO plugin. -->","yoast_head_json":{"title":"Marteaux PERFECT - PERFECT - Van Wamel","robots":{"index":"index","follow":"follow","max-snippet":"max-snippet:-1","max-image-preview":"max-image-preview:large","max-video-preview":"max-video-preview:-1"},"canonical":"https:\/\/www.perfectvanwamel.com\/fr\/produit\/marteaux-perfect-broyeurs\/","og_locale":"fr_FR","og_type":"article","og_title":"Marteaux PERFECT - PERFECT - Van Wamel","og_description":"Les broyeurs PERFECT sont disponibles avec diff\u00e9rents types de marteaux. En combinaison avec une large gamme de broyeurs vous pouvez choisir la machine qui r\u00e9pond de facon optimale \u00e0 votre besoin.  Les marteaux PERFECT sont mont\u00e9s avec des boulons M20 et des douilles remplaceables qui font que, en combinaison avec un \u00e9quilibrage double, la dur\u00e9e de vie du rotor et le broyeur est maximis\u00e9.","og_url":"https:\/\/www.perfectvanwamel.com\/fr\/produit\/marteaux-perfect-broyeurs\/","og_site_name":"PERFECT - Van Wamel","article_modified_time":"2020-11-02T22:12:58+00:00","og_image":[{"width":1150,"height":771,"url":"https:\/\/staging.perfectvanwamel.com\/wp-content\/uploads\/2020\/10\/Combi-klepel-tekening.jpg","type":"image\/jpeg"}],"twitter_card":"summary_large_image","twitter_misc":{"Dur\u00e9e de lecture estim\u00e9e":"1 minute"},"schema":{"@context":"https:\/\/schema.org","@graph":[{"@type":"WebPage","@id":"https:\/\/www.perfectvanwamel.com\/fr\/produit\/marteaux-perfect-broyeurs\/","url":"https:\/\/www.perfectvanwamel.com\/fr\/produit\/marteaux-perfect-broyeurs\/","name":"Marteaux PERFECT - PERFECT - Van Wamel","isPartOf":{"@id":"https:\/\/www.perfectvanwamel.com\/fr\/#website"},"primaryImageOfPage":{"@id":"https:\/\/www.perfectvanwamel.com\/fr\/produit\/marteaux-perfect-broyeurs\/#primaryimage"},"image":{"@id":"https:\/\/www.perfectvanwamel.com\/fr\/produit\/marteaux-perfect-broyeurs\/#primaryimage"},"thumbnailUrl":"https:\/\/www.perfectvanwamel.com\/wp-content\/uploads\/2020\/10\/Combi-klepel-tekening.jpg","datePublished":"2020-10-22T18:37:05+00:00","dateModified":"2020-11-02T22:12:58+00:00","breadcrumb":{"@id":"https:\/\/www.perfectvanwamel.com\/fr\/produit\/marteaux-perfect-broyeurs\/#breadcrumb"},"inLanguage":"fr-FR","potentialAction":[{"@type":"ReadAction","target":["https:\/\/www.perfectvanwamel.com\/fr\/produit\/marteaux-perfect-broyeurs\/"]}]},{"@type":"ImageObject","inLanguage":"fr-FR","@id":"https:\/\/www.perfectvanwamel.com\/fr\/produit\/marteaux-perfect-broyeurs\/#primaryimage","url":"https:\/\/www.perfectvanwamel.com\/wp-content\/uploads\/2020\/10\/Combi-klepel-tekening.jpg","contentUrl":"https:\/\/www.perfectvanwamel.com\/wp-content\/uploads\/2020\/10\/Combi-klepel-tekening.jpg","width":1150,"height":771},{"@type":"BreadcrumbList","@id":"https:\/\/www.perfectvanwamel.com\/fr\/produit\/marteaux-perfect-broyeurs\/#breadcrumb","itemListElement":[{"@type":"ListItem","position":1,"name":"Home","item":"https:\/\/staging.perfectvanwamel.com\/fr\/"},{"@type":"ListItem","position":2,"name":"Technologie","item":"https:\/\/staging.perfectvanwamel.com\/fr\/technologie\/"},{"@type":"ListItem","position":3,"name":"Marteaux PERFECT"}]},{"@type":"WebSite","@id":"https:\/\/www.perfectvanwamel.com\/fr\/#website","url":"https:\/\/www.perfectvanwamel.com\/fr\/","name":"PERFECT - Van Wamel","description":"","potentialAction":[{"@type":"SearchAction","target":{"@type":"EntryPoint","urlTemplate":"https:\/\/www.perfectvanwamel.com\/fr\/?s={search_term_string}"},"query-input":{"@type":"PropertyValueSpecification","valueRequired":true,"valueName":"search_term_string"}}],"inLanguage":"fr-FR"}]}},"_links":{"self":[{"href":"https:\/\/www.perfectvanwamel.com\/fr\/wp-json\/wp\/v2\/product\/7644","targetHints":{"allow":["GET"]}}],"collection":[{"href":"https:\/\/www.perfectvanwamel.com\/fr\/wp-json\/wp\/v2\/product"}],"about":[{"href":"https:\/\/www.perfectvanwamel.com\/fr\/wp-json\/wp\/v2\/types\/product"}],"wp:featuredmedia":[{"embeddable":true,"href":"https:\/\/www.perfectvanwamel.com\/fr\/wp-json\/wp\/v2\/media\/7584"}],"wp:attachment":[{"href":"https:\/\/www.perfectvanwamel.com\/fr\/wp-json\/wp\/v2\/media?parent=7644"}],"wp:term":[{"taxonomy":"product_brand","embeddable":true,"href":"https:\/\/www.perfectvanwamel.com\/fr\/wp-json\/wp\/v2\/product_brand?post=7644"},{"taxonomy":"product_cat","embeddable":true,"href":"https:\/\/www.perfectvanwamel.com\/fr\/wp-json\/wp\/v2\/product_cat?post=7644"},{"taxonomy":"product_tag","embeddable":true,"href":"https:\/\/www.perfectvanwamel.com\/fr\/wp-json\/wp\/v2\/product_tag?post=7644"}],"curies":[{"name":"wp","href":"https:\/\/api.w.org\/{rel}","templated":true}]}}