{"id":8600,"date":"2021-02-23T11:17:06","date_gmt":"2021-04-06T07:14:26","guid":{"rendered":"https:\/\/www.perfectvanwamel.com\/?post_type=product&#038;p=8600"},"modified":"2021-04-16T10:11:40","modified_gmt":"2021-04-16T08:11:40","slug":"duo-swing","status":"publish","type":"product","link":"https:\/\/www.perfectvanwamel.com\/fr\/produit\/duo-swing\/","title":{"rendered":"Duo-Swing"},"content":{"rendered":"<section class=\"l-section wpb_row height_small\"><div class=\"l-section-h i-cf\"><div class=\"g-cols vc_row type_default valign_top\"><div class=\"vc_col-sm-12 wpb_column vc_column_container\"><div class=\"vc_column-inner\"><div class=\"wpb_wrapper\"><div class=\"wpb_text_column\" ><div class=\"wpb_wrapper\"><p>Le disque mobile, \u00e9quip\u00e9 en s\u00e9rie de couteaux oscillants, est pourvu d\u2019un dispositif de r\u00e9glage de la hauteur de fauche et de la pression de collision ; cela permet un ajustement \u00e0 diverses circonstances de travail.<\/p>\n<p>Les mod\u00e8les Duo-Swing sont livr\u00e9s en standard avec deux disques mobiles. Pour maximiser la rayon de coupe, la largeur peut non seulement \u00eatre r\u00e9gl\u00e9e hydrauliquement, mais au moyen d&#8217;une manier de r\u00e9glage m\u00e9canique coulissant dans la poup\u00e9e, elle peut \u00e9galement \u00eatre d\u00e9plac\u00e9e de 25 cm suppl\u00e9mentaires des deux c\u00f4t\u00e9s. En cons\u00e9quence, un r\u00e9glage total de 2,00 m est r\u00e9alis\u00e9, rendant la machine apte \u00e0 planter de 2,5 \u00e0 plus de 4,5 m.<\/p>\n<p>Deux roues et une soucoupe de support de roulement assurent une bonne adaptation au sol.<\/p>\n<p>Pour une visibilit\u00e9 optimale, les mod\u00e8les Duo-Swing sont disponibles pour l&#8217;attachement \u00e0 3 points et \u00e0 l&#8217;avant du tracteur.<\/p>\n<p>En option, le Duo-Swing peut \u00eatre \u00e9quip\u00e9e d\u2019un t\u00e2tonneur m\u00e9canique-hydraulique ; cette option peut \u00eatre pr\u00e9cieuse, surtout pour les arbres sensibles (tr\u00e8s jeunes).<\/p>\n<\/div><\/div><\/div><\/div><\/div><\/div><\/div><\/section>\n","protected":false},"excerpt":{"rendered":"<p>Le Solo-Swing est un disque mobile \u00e0 entra\u00eenement hydraulique pour faucher autour des arbres, poteaux et autres obstacles. Les mod\u00e8les SZA sont livr\u00e9s avec une barre de montage et peuvent facilement \u00eatre fix\u00e9s \u00e0 une faucheuse rotative ou un rotobroyeur.<\/p>\n<p>Afin de passer entre les arbres et les vignes dans la culture fruiti\u00e8re et viticole, il existe un choix de disques mobiles avec des diam\u00e8tres de 42, 50 et 60 cm de diam\u00e8tre.<\/p>\n","protected":false},"featured_media":28468,"template":"","meta":{"_acf_changed":false},"product_brand":[],"product_cat":[1833],"product_tag":[],"class_list":{"0":"post-8600","1":"product","2":"type-product","3":"status-publish","4":"has-post-thumbnail","6":"product_cat-disques-mobiles","8":"first","9":"instock","10":"shipping-taxable","11":"product-type-simple"},"acf":[],"yoast_head":"<!-- This site is optimized with the Yoast SEO plugin v27.4 - https:\/\/yoast.com\/product\/yoast-seo-wordpress\/ -->\n<title>Duo-Swing - PERFECT - Van Wamel<\/title>\n<meta name=\"robots\" content=\"index, follow, max-snippet:-1, max-image-preview:large, max-video-preview:-1\" \/>\n<link rel=\"canonical\" href=\"https:\/\/www.perfectvanwamel.com\/fr\/produit\/duo-swing\/\" \/>\n<meta property=\"og:locale\" content=\"fr_FR\" \/>\n<meta property=\"og:type\" content=\"article\" \/>\n<meta property=\"og:title\" content=\"Duo-Swing - PERFECT - Van Wamel\" \/>\n<meta property=\"og:description\" content=\"Le Solo-Swing est un disque mobile \u00e0 entra\u00eenement hydraulique pour faucher autour des arbres, poteaux et autres obstacles. Les mod\u00e8les SZA sont livr\u00e9s avec une barre de montage et peuvent facilement \u00eatre fix\u00e9s \u00e0 une faucheuse rotative ou un rotobroyeur.  Afin de passer entre les arbres et les vignes dans la culture fruiti\u00e8re et viticole, il existe un choix de disques mobiles avec des diam\u00e8tres de 42, 50 et 60 cm de diam\u00e8tre.\" \/>\n<meta property=\"og:url\" content=\"https:\/\/www.perfectvanwamel.com\/fr\/produit\/duo-swing\/\" \/>\n<meta property=\"og:site_name\" content=\"PERFECT - Van Wamel\" \/>\n<meta property=\"article:modified_time\" content=\"2021-04-16T08:11:40+00:00\" \/>\n<meta property=\"og:image\" content=\"https:\/\/staging.perfectvanwamel.com\/wp-content\/uploads\/2021\/02\/Duo-Swing-600-met-tasters.jpg\" \/>\n\t<meta property=\"og:image:width\" content=\"1236\" \/>\n\t<meta property=\"og:image:height\" content=\"1029\" \/>\n\t<meta property=\"og:image:type\" content=\"image\/jpeg\" \/>\n<meta name=\"twitter:card\" content=\"summary_large_image\" \/>\n<meta name=\"twitter:label1\" content=\"Dur\u00e9e de lecture estim\u00e9e\" \/>\n\t<meta name=\"twitter:data1\" content=\"1 minute\" \/>\n<script type=\"application\/ld+json\" class=\"yoast-schema-graph\">{\"@context\":\"https:\\\/\\\/schema.org\",\"@graph\":[{\"@type\":\"WebPage\",\"@id\":\"https:\\\/\\\/www.perfectvanwamel.com\\\/fr\\\/produit\\\/duo-swing\\\/\",\"url\":\"https:\\\/\\\/www.perfectvanwamel.com\\\/fr\\\/produit\\\/duo-swing\\\/\",\"name\":\"Duo-Swing - PERFECT - Van Wamel\",\"isPartOf\":{\"@id\":\"https:\\\/\\\/www.perfectvanwamel.com\\\/fr\\\/#website\"},\"primaryImageOfPage\":{\"@id\":\"https:\\\/\\\/www.perfectvanwamel.com\\\/fr\\\/produit\\\/duo-swing\\\/#primaryimage\"},\"image\":{\"@id\":\"https:\\\/\\\/www.perfectvanwamel.com\\\/fr\\\/produit\\\/duo-swing\\\/#primaryimage\"},\"thumbnailUrl\":\"https:\\\/\\\/www.perfectvanwamel.com\\\/wp-content\\\/uploads\\\/2021\\\/02\\\/Duo-Swing-600-met-tasters.jpg\",\"datePublished\":\"2021-04-06T07:14:26+00:00\",\"dateModified\":\"2021-04-16T08:11:40+00:00\",\"breadcrumb\":{\"@id\":\"https:\\\/\\\/www.perfectvanwamel.com\\\/fr\\\/produit\\\/duo-swing\\\/#breadcrumb\"},\"inLanguage\":\"fr-FR\",\"potentialAction\":[{\"@type\":\"ReadAction\",\"target\":[\"https:\\\/\\\/www.perfectvanwamel.com\\\/fr\\\/produit\\\/duo-swing\\\/\"]}]},{\"@type\":\"ImageObject\",\"inLanguage\":\"fr-FR\",\"@id\":\"https:\\\/\\\/www.perfectvanwamel.com\\\/fr\\\/produit\\\/duo-swing\\\/#primaryimage\",\"url\":\"https:\\\/\\\/www.perfectvanwamel.com\\\/wp-content\\\/uploads\\\/2021\\\/02\\\/Duo-Swing-600-met-tasters.jpg\",\"contentUrl\":\"https:\\\/\\\/www.perfectvanwamel.com\\\/wp-content\\\/uploads\\\/2021\\\/02\\\/Duo-Swing-600-met-tasters.jpg\",\"width\":1236,\"height\":1029},{\"@type\":\"BreadcrumbList\",\"@id\":\"https:\\\/\\\/www.perfectvanwamel.com\\\/fr\\\/produit\\\/duo-swing\\\/#breadcrumb\",\"itemListElement\":[{\"@type\":\"ListItem\",\"position\":1,\"name\":\"Home\",\"item\":\"https:\\\/\\\/staging.perfectvanwamel.com\\\/fr\\\/\"},{\"@type\":\"ListItem\",\"position\":2,\"name\":\"Technologie\",\"item\":\"https:\\\/\\\/staging.perfectvanwamel.com\\\/fr\\\/technologie\\\/\"},{\"@type\":\"ListItem\",\"position\":3,\"name\":\"Duo-Swing\"}]},{\"@type\":\"WebSite\",\"@id\":\"https:\\\/\\\/www.perfectvanwamel.com\\\/fr\\\/#website\",\"url\":\"https:\\\/\\\/www.perfectvanwamel.com\\\/fr\\\/\",\"name\":\"PERFECT - Van Wamel\",\"description\":\"\",\"potentialAction\":[{\"@type\":\"SearchAction\",\"target\":{\"@type\":\"EntryPoint\",\"urlTemplate\":\"https:\\\/\\\/www.perfectvanwamel.com\\\/fr\\\/?s={search_term_string}\"},\"query-input\":{\"@type\":\"PropertyValueSpecification\",\"valueRequired\":true,\"valueName\":\"search_term_string\"}}],\"inLanguage\":\"fr-FR\"}]}<\/script>\n<!-- \/ Yoast SEO plugin. -->","yoast_head_json":{"title":"Duo-Swing - PERFECT - Van Wamel","robots":{"index":"index","follow":"follow","max-snippet":"max-snippet:-1","max-image-preview":"max-image-preview:large","max-video-preview":"max-video-preview:-1"},"canonical":"https:\/\/www.perfectvanwamel.com\/fr\/produit\/duo-swing\/","og_locale":"fr_FR","og_type":"article","og_title":"Duo-Swing - PERFECT - Van Wamel","og_description":"Le Solo-Swing est un disque mobile \u00e0 entra\u00eenement hydraulique pour faucher autour des arbres, poteaux et autres obstacles. Les mod\u00e8les SZA sont livr\u00e9s avec une barre de montage et peuvent facilement \u00eatre fix\u00e9s \u00e0 une faucheuse rotative ou un rotobroyeur.  Afin de passer entre les arbres et les vignes dans la culture fruiti\u00e8re et viticole, il existe un choix de disques mobiles avec des diam\u00e8tres de 42, 50 et 60 cm de diam\u00e8tre.","og_url":"https:\/\/www.perfectvanwamel.com\/fr\/produit\/duo-swing\/","og_site_name":"PERFECT - Van Wamel","article_modified_time":"2021-04-16T08:11:40+00:00","og_image":[{"width":1236,"height":1029,"url":"https:\/\/staging.perfectvanwamel.com\/wp-content\/uploads\/2021\/02\/Duo-Swing-600-met-tasters.jpg","type":"image\/jpeg"}],"twitter_card":"summary_large_image","twitter_misc":{"Dur\u00e9e de lecture estim\u00e9e":"1 minute"},"schema":{"@context":"https:\/\/schema.org","@graph":[{"@type":"WebPage","@id":"https:\/\/www.perfectvanwamel.com\/fr\/produit\/duo-swing\/","url":"https:\/\/www.perfectvanwamel.com\/fr\/produit\/duo-swing\/","name":"Duo-Swing - PERFECT - Van Wamel","isPartOf":{"@id":"https:\/\/www.perfectvanwamel.com\/fr\/#website"},"primaryImageOfPage":{"@id":"https:\/\/www.perfectvanwamel.com\/fr\/produit\/duo-swing\/#primaryimage"},"image":{"@id":"https:\/\/www.perfectvanwamel.com\/fr\/produit\/duo-swing\/#primaryimage"},"thumbnailUrl":"https:\/\/www.perfectvanwamel.com\/wp-content\/uploads\/2021\/02\/Duo-Swing-600-met-tasters.jpg","datePublished":"2021-04-06T07:14:26+00:00","dateModified":"2021-04-16T08:11:40+00:00","breadcrumb":{"@id":"https:\/\/www.perfectvanwamel.com\/fr\/produit\/duo-swing\/#breadcrumb"},"inLanguage":"fr-FR","potentialAction":[{"@type":"ReadAction","target":["https:\/\/www.perfectvanwamel.com\/fr\/produit\/duo-swing\/"]}]},{"@type":"ImageObject","inLanguage":"fr-FR","@id":"https:\/\/www.perfectvanwamel.com\/fr\/produit\/duo-swing\/#primaryimage","url":"https:\/\/www.perfectvanwamel.com\/wp-content\/uploads\/2021\/02\/Duo-Swing-600-met-tasters.jpg","contentUrl":"https:\/\/www.perfectvanwamel.com\/wp-content\/uploads\/2021\/02\/Duo-Swing-600-met-tasters.jpg","width":1236,"height":1029},{"@type":"BreadcrumbList","@id":"https:\/\/www.perfectvanwamel.com\/fr\/produit\/duo-swing\/#breadcrumb","itemListElement":[{"@type":"ListItem","position":1,"name":"Home","item":"https:\/\/staging.perfectvanwamel.com\/fr\/"},{"@type":"ListItem","position":2,"name":"Technologie","item":"https:\/\/staging.perfectvanwamel.com\/fr\/technologie\/"},{"@type":"ListItem","position":3,"name":"Duo-Swing"}]},{"@type":"WebSite","@id":"https:\/\/www.perfectvanwamel.com\/fr\/#website","url":"https:\/\/www.perfectvanwamel.com\/fr\/","name":"PERFECT - Van Wamel","description":"","potentialAction":[{"@type":"SearchAction","target":{"@type":"EntryPoint","urlTemplate":"https:\/\/www.perfectvanwamel.com\/fr\/?s={search_term_string}"},"query-input":{"@type":"PropertyValueSpecification","valueRequired":true,"valueName":"search_term_string"}}],"inLanguage":"fr-FR"}]}},"_links":{"self":[{"href":"https:\/\/www.perfectvanwamel.com\/fr\/wp-json\/wp\/v2\/product\/8600","targetHints":{"allow":["GET"]}}],"collection":[{"href":"https:\/\/www.perfectvanwamel.com\/fr\/wp-json\/wp\/v2\/product"}],"about":[{"href":"https:\/\/www.perfectvanwamel.com\/fr\/wp-json\/wp\/v2\/types\/product"}],"wp:featuredmedia":[{"embeddable":true,"href":"https:\/\/www.perfectvanwamel.com\/fr\/wp-json\/wp\/v2\/media\/28468"}],"wp:attachment":[{"href":"https:\/\/www.perfectvanwamel.com\/fr\/wp-json\/wp\/v2\/media?parent=8600"}],"wp:term":[{"taxonomy":"product_brand","embeddable":true,"href":"https:\/\/www.perfectvanwamel.com\/fr\/wp-json\/wp\/v2\/product_brand?post=8600"},{"taxonomy":"product_cat","embeddable":true,"href":"https:\/\/www.perfectvanwamel.com\/fr\/wp-json\/wp\/v2\/product_cat?post=8600"},{"taxonomy":"product_tag","embeddable":true,"href":"https:\/\/www.perfectvanwamel.com\/fr\/wp-json\/wp\/v2\/product_tag?post=8600"}],"curies":[{"name":"wp","href":"https:\/\/api.w.org\/{rel}","templated":true}]}}