{"id":9441,"date":"2021-11-05T08:48:54","date_gmt":"2021-11-05T07:48:54","guid":{"rendered":"https:\/\/www.perfectvanwamel.com\/product\/terra-ranger\/"},"modified":"2023-02-28T08:56:56","modified_gmt":"2023-02-28T07:56:56","slug":"terra-ranger","status":"publish","type":"product","link":"https:\/\/www.perfectvanwamel.com\/fr\/produit\/terra-ranger\/","title":{"rendered":"Terra Ranger, d\u00e9sherbage m\u00e9canique sous et sur le rang"},"content":{"rendered":"<div class=\"w-post-elm post_content\">\n<p>Les deux fraises rotatives du Terra Ranger sont actionn\u00e9es par la prise de force du tracteur; gr\u00e2ce \u00e0 l\u2019entrainement m\u00e9canique conna\u00eet une excellente efficacit\u00e9 \u00e9nerg\u00e9tique. La machine enti\u00e8re exige une puissance tracteur assez modeste; l\u2019utilisation est accompagn\u00e9e avec une consommation mod\u00e9r\u00e9e de carburant.<\/p>\n<p>Le Terra Ranger peut \u00eatre utilis\u00e9e avec presque tout tracteur \u00e0 partir de 45 cv!<\/p>\n<p>Les fraises r\u00e9alisent un excellent \u00e9miettement, aussi des terres plus lourdes. La profondeur de travail est r\u00e9glable en continu de 0 \u00e0 70 mm; d\u2019habitude on travaille \u00e0 une profondeur plus important lorsque la premi\u00e8re passage, aux prochaines passages un traitement plus superficiel suffira.<br \/>\nLes fraises sont actionn\u00e9s par des chaines; afin de prot\u00e9ger l\u2019entrainement contre des d\u00e9g\u00e2ts (par exemple par la pr\u00e9sence des gros cailloux) le prise de force est munie d\u2019une limiteur de couple.<\/p>\n<p>Le positionnement unique des bineuses \u00e0 doigts, devant les fraises, fait que la v\u00e9g\u00e9tation d\u00e9tach\u00e9e est mise devant les fraises, ce qui fait que ces r\u00e9sidus sont broy\u00e9s par ces fraises.<\/p>\n<p>Afin de pouvoir r\u00e9aliser un bon r\u00e9sultat dans toutes conditions la largeur de travail est r\u00e9glable hydrauliquement en continu. Aussi la profondeur et l\u2019angle de travail et aussi l\u2019ajustement des bineuses \u00e0 doigts est facilement fait. Afin d\u2019aussi pouvoir traiter la rang\u00e9e ext\u00e9rieur le Terra Ranger peut \u00eatre livr\u00e9e avec un syst\u00e8me hydraulique qui met une cot\u00e9 de la machine hors fonctionnement.<\/p>\n<p>Pour relevage arri\u00e8re ou frontale (conversion facile).<\/p>\n<p>R\u00e9gime entrainement 540 ou 1000 t\/mn (modifiable en renversant les pignons).<\/p>\n<\/div>\n","protected":false},"excerpt":{"rendered":"<p>Le Terra Ranger de PERFECT\u00a0 r\u00e9alise un travail du sol rapide et efficace de la bande d\u00e9sherb\u00e9e.<br \/>\nLa combinaison de deux fraises contrarotatives et des bineuses \u00e0 doigts intelligemment positionn\u00e9es permet de travailler avec une vitesse d\u2019avancement jusqu\u2019\u00e0 15 km\/h. Cette m\u00e9thode enl\u00e8ve la v\u00e9g\u00e9tation aux deux cot\u00e9s de la piste d\u2019herbe \u00e9t dans le rang.<\/p>\n<p>Le Terra Ranger est la premi\u00e8re machine qui r\u00e9alise une d\u00e9sherbage int\u00e9grale avec une importante vitesse d\u2019avancement. En utilisant diff\u00e9rentes largeurs des fraises et des bineuses \u00e0 doigts, la machine peut \u00eatre utilis\u00e9e dans les vergers et les vignobles avec des distances de plantation comprises entre 2,5 et 4,0 m.<\/p>\n","protected":false},"featured_media":9098,"template":"","meta":{"_acf_changed":false},"product_brand":[],"product_cat":[2356],"product_tag":[],"class_list":{"0":"post-9441","1":"product","2":"type-product","3":"status-publish","4":"has-post-thumbnail","6":"product_cat-desherbage-mecanique-fr","8":"first","9":"instock","10":"shipping-taxable","11":"product-type-simple"},"acf":[],"yoast_head":"<!-- This site is optimized with the Yoast SEO plugin v27.4 - https:\/\/yoast.com\/product\/yoast-seo-wordpress\/ -->\n<title>Terra Ranger, d\u00e9sherbage m\u00e9canique sous et sur le rang - PERFECT - Van Wamel<\/title>\n<meta name=\"robots\" content=\"index, follow, max-snippet:-1, max-image-preview:large, max-video-preview:-1\" \/>\n<link rel=\"canonical\" href=\"https:\/\/www.perfectvanwamel.com\/fr\/produit\/terra-ranger\/\" \/>\n<meta property=\"og:locale\" content=\"fr_FR\" \/>\n<meta property=\"og:type\" content=\"article\" \/>\n<meta property=\"og:title\" content=\"Terra Ranger, d\u00e9sherbage m\u00e9canique sous et sur le rang - PERFECT - Van Wamel\" \/>\n<meta property=\"og:description\" content=\"Le Terra Ranger de PERFECT\u00a0 r\u00e9alise un travail du sol rapide et efficace de la bande d\u00e9sherb\u00e9e. La combinaison de deux fraises contrarotatives et des bineuses \u00e0 doigts intelligemment positionn\u00e9es permet de travailler avec une vitesse d\u2019avancement jusqu\u2019\u00e0 15 km\/h. Cette m\u00e9thode enl\u00e8ve la v\u00e9g\u00e9tation aux deux cot\u00e9s de la piste d\u2019herbe \u00e9t dans le rang.  Le Terra Ranger est la premi\u00e8re machine qui r\u00e9alise une d\u00e9sherbage int\u00e9grale avec une importante vitesse d\u2019avancement. En utilisant diff\u00e9rentes largeurs des fraises et des bineuses \u00e0 doigts, la machine peut \u00eatre utilis\u00e9e dans les vergers et les vignobles avec des distances de plantation comprises entre 2,5 et 4,0 m.\" \/>\n<meta property=\"og:url\" content=\"https:\/\/www.perfectvanwamel.com\/fr\/produit\/terra-ranger\/\" \/>\n<meta property=\"og:site_name\" content=\"PERFECT - Van Wamel\" \/>\n<meta property=\"article:modified_time\" content=\"2023-02-28T07:56:56+00:00\" \/>\n<meta property=\"og:image\" content=\"https:\/\/staging.perfectvanwamel.com\/wp-content\/uploads\/2021\/09\/Terraranger-vrijstaand-klein.jpg\" \/>\n\t<meta property=\"og:image:width\" content=\"2000\" \/>\n\t<meta property=\"og:image:height\" content=\"1334\" \/>\n\t<meta property=\"og:image:type\" content=\"image\/jpeg\" \/>\n<meta name=\"twitter:card\" content=\"summary_large_image\" \/>\n<meta name=\"twitter:label1\" content=\"Dur\u00e9e de lecture estim\u00e9e\" \/>\n\t<meta name=\"twitter:data1\" content=\"1 minute\" \/>\n<script type=\"application\/ld+json\" class=\"yoast-schema-graph\">{\"@context\":\"https:\\\/\\\/schema.org\",\"@graph\":[{\"@type\":\"WebPage\",\"@id\":\"https:\\\/\\\/www.perfectvanwamel.com\\\/fr\\\/produit\\\/terra-ranger\\\/\",\"url\":\"https:\\\/\\\/www.perfectvanwamel.com\\\/fr\\\/produit\\\/terra-ranger\\\/\",\"name\":\"Terra Ranger, d\u00e9sherbage m\u00e9canique sous et sur le rang - PERFECT - Van Wamel\",\"isPartOf\":{\"@id\":\"https:\\\/\\\/www.perfectvanwamel.com\\\/fr\\\/#website\"},\"primaryImageOfPage\":{\"@id\":\"https:\\\/\\\/www.perfectvanwamel.com\\\/fr\\\/produit\\\/terra-ranger\\\/#primaryimage\"},\"image\":{\"@id\":\"https:\\\/\\\/www.perfectvanwamel.com\\\/fr\\\/produit\\\/terra-ranger\\\/#primaryimage\"},\"thumbnailUrl\":\"https:\\\/\\\/www.perfectvanwamel.com\\\/wp-content\\\/uploads\\\/2021\\\/09\\\/Terraranger-vrijstaand-klein.jpg\",\"datePublished\":\"2021-11-05T07:48:54+00:00\",\"dateModified\":\"2023-02-28T07:56:56+00:00\",\"breadcrumb\":{\"@id\":\"https:\\\/\\\/www.perfectvanwamel.com\\\/fr\\\/produit\\\/terra-ranger\\\/#breadcrumb\"},\"inLanguage\":\"fr-FR\",\"potentialAction\":[{\"@type\":\"ReadAction\",\"target\":[\"https:\\\/\\\/www.perfectvanwamel.com\\\/fr\\\/produit\\\/terra-ranger\\\/\"]}]},{\"@type\":\"ImageObject\",\"inLanguage\":\"fr-FR\",\"@id\":\"https:\\\/\\\/www.perfectvanwamel.com\\\/fr\\\/produit\\\/terra-ranger\\\/#primaryimage\",\"url\":\"https:\\\/\\\/www.perfectvanwamel.com\\\/wp-content\\\/uploads\\\/2021\\\/09\\\/Terraranger-vrijstaand-klein.jpg\",\"contentUrl\":\"https:\\\/\\\/www.perfectvanwamel.com\\\/wp-content\\\/uploads\\\/2021\\\/09\\\/Terraranger-vrijstaand-klein.jpg\",\"width\":2000,\"height\":1334},{\"@type\":\"BreadcrumbList\",\"@id\":\"https:\\\/\\\/www.perfectvanwamel.com\\\/fr\\\/produit\\\/terra-ranger\\\/#breadcrumb\",\"itemListElement\":[{\"@type\":\"ListItem\",\"position\":1,\"name\":\"Home\",\"item\":\"https:\\\/\\\/staging.perfectvanwamel.com\\\/fr\\\/\"},{\"@type\":\"ListItem\",\"position\":2,\"name\":\"Technologie\",\"item\":\"https:\\\/\\\/staging.perfectvanwamel.com\\\/fr\\\/technologie\\\/\"},{\"@type\":\"ListItem\",\"position\":3,\"name\":\"Terra Ranger, d\u00e9sherbage m\u00e9canique sous et sur le rang\"}]},{\"@type\":\"WebSite\",\"@id\":\"https:\\\/\\\/www.perfectvanwamel.com\\\/fr\\\/#website\",\"url\":\"https:\\\/\\\/www.perfectvanwamel.com\\\/fr\\\/\",\"name\":\"PERFECT - Van Wamel\",\"description\":\"\",\"potentialAction\":[{\"@type\":\"SearchAction\",\"target\":{\"@type\":\"EntryPoint\",\"urlTemplate\":\"https:\\\/\\\/www.perfectvanwamel.com\\\/fr\\\/?s={search_term_string}\"},\"query-input\":{\"@type\":\"PropertyValueSpecification\",\"valueRequired\":true,\"valueName\":\"search_term_string\"}}],\"inLanguage\":\"fr-FR\"}]}<\/script>\n<!-- \/ Yoast SEO plugin. -->","yoast_head_json":{"title":"Terra Ranger, d\u00e9sherbage m\u00e9canique sous et sur le rang - PERFECT - Van Wamel","robots":{"index":"index","follow":"follow","max-snippet":"max-snippet:-1","max-image-preview":"max-image-preview:large","max-video-preview":"max-video-preview:-1"},"canonical":"https:\/\/www.perfectvanwamel.com\/fr\/produit\/terra-ranger\/","og_locale":"fr_FR","og_type":"article","og_title":"Terra Ranger, d\u00e9sherbage m\u00e9canique sous et sur le rang - PERFECT - Van Wamel","og_description":"Le Terra Ranger de PERFECT\u00a0 r\u00e9alise un travail du sol rapide et efficace de la bande d\u00e9sherb\u00e9e. La combinaison de deux fraises contrarotatives et des bineuses \u00e0 doigts intelligemment positionn\u00e9es permet de travailler avec une vitesse d\u2019avancement jusqu\u2019\u00e0 15 km\/h. Cette m\u00e9thode enl\u00e8ve la v\u00e9g\u00e9tation aux deux cot\u00e9s de la piste d\u2019herbe \u00e9t dans le rang.  Le Terra Ranger est la premi\u00e8re machine qui r\u00e9alise une d\u00e9sherbage int\u00e9grale avec une importante vitesse d\u2019avancement. En utilisant diff\u00e9rentes largeurs des fraises et des bineuses \u00e0 doigts, la machine peut \u00eatre utilis\u00e9e dans les vergers et les vignobles avec des distances de plantation comprises entre 2,5 et 4,0 m.","og_url":"https:\/\/www.perfectvanwamel.com\/fr\/produit\/terra-ranger\/","og_site_name":"PERFECT - Van Wamel","article_modified_time":"2023-02-28T07:56:56+00:00","og_image":[{"width":2000,"height":1334,"url":"https:\/\/staging.perfectvanwamel.com\/wp-content\/uploads\/2021\/09\/Terraranger-vrijstaand-klein.jpg","type":"image\/jpeg"}],"twitter_card":"summary_large_image","twitter_misc":{"Dur\u00e9e de lecture estim\u00e9e":"1 minute"},"schema":{"@context":"https:\/\/schema.org","@graph":[{"@type":"WebPage","@id":"https:\/\/www.perfectvanwamel.com\/fr\/produit\/terra-ranger\/","url":"https:\/\/www.perfectvanwamel.com\/fr\/produit\/terra-ranger\/","name":"Terra Ranger, d\u00e9sherbage m\u00e9canique sous et sur le rang - PERFECT - Van Wamel","isPartOf":{"@id":"https:\/\/www.perfectvanwamel.com\/fr\/#website"},"primaryImageOfPage":{"@id":"https:\/\/www.perfectvanwamel.com\/fr\/produit\/terra-ranger\/#primaryimage"},"image":{"@id":"https:\/\/www.perfectvanwamel.com\/fr\/produit\/terra-ranger\/#primaryimage"},"thumbnailUrl":"https:\/\/www.perfectvanwamel.com\/wp-content\/uploads\/2021\/09\/Terraranger-vrijstaand-klein.jpg","datePublished":"2021-11-05T07:48:54+00:00","dateModified":"2023-02-28T07:56:56+00:00","breadcrumb":{"@id":"https:\/\/www.perfectvanwamel.com\/fr\/produit\/terra-ranger\/#breadcrumb"},"inLanguage":"fr-FR","potentialAction":[{"@type":"ReadAction","target":["https:\/\/www.perfectvanwamel.com\/fr\/produit\/terra-ranger\/"]}]},{"@type":"ImageObject","inLanguage":"fr-FR","@id":"https:\/\/www.perfectvanwamel.com\/fr\/produit\/terra-ranger\/#primaryimage","url":"https:\/\/www.perfectvanwamel.com\/wp-content\/uploads\/2021\/09\/Terraranger-vrijstaand-klein.jpg","contentUrl":"https:\/\/www.perfectvanwamel.com\/wp-content\/uploads\/2021\/09\/Terraranger-vrijstaand-klein.jpg","width":2000,"height":1334},{"@type":"BreadcrumbList","@id":"https:\/\/www.perfectvanwamel.com\/fr\/produit\/terra-ranger\/#breadcrumb","itemListElement":[{"@type":"ListItem","position":1,"name":"Home","item":"https:\/\/staging.perfectvanwamel.com\/fr\/"},{"@type":"ListItem","position":2,"name":"Technologie","item":"https:\/\/staging.perfectvanwamel.com\/fr\/technologie\/"},{"@type":"ListItem","position":3,"name":"Terra Ranger, d\u00e9sherbage m\u00e9canique sous et sur le rang"}]},{"@type":"WebSite","@id":"https:\/\/www.perfectvanwamel.com\/fr\/#website","url":"https:\/\/www.perfectvanwamel.com\/fr\/","name":"PERFECT - Van Wamel","description":"","potentialAction":[{"@type":"SearchAction","target":{"@type":"EntryPoint","urlTemplate":"https:\/\/www.perfectvanwamel.com\/fr\/?s={search_term_string}"},"query-input":{"@type":"PropertyValueSpecification","valueRequired":true,"valueName":"search_term_string"}}],"inLanguage":"fr-FR"}]}},"_links":{"self":[{"href":"https:\/\/www.perfectvanwamel.com\/fr\/wp-json\/wp\/v2\/product\/9441","targetHints":{"allow":["GET"]}}],"collection":[{"href":"https:\/\/www.perfectvanwamel.com\/fr\/wp-json\/wp\/v2\/product"}],"about":[{"href":"https:\/\/www.perfectvanwamel.com\/fr\/wp-json\/wp\/v2\/types\/product"}],"wp:featuredmedia":[{"embeddable":true,"href":"https:\/\/www.perfectvanwamel.com\/fr\/wp-json\/wp\/v2\/media\/9098"}],"wp:attachment":[{"href":"https:\/\/www.perfectvanwamel.com\/fr\/wp-json\/wp\/v2\/media?parent=9441"}],"wp:term":[{"taxonomy":"product_brand","embeddable":true,"href":"https:\/\/www.perfectvanwamel.com\/fr\/wp-json\/wp\/v2\/product_brand?post=9441"},{"taxonomy":"product_cat","embeddable":true,"href":"https:\/\/www.perfectvanwamel.com\/fr\/wp-json\/wp\/v2\/product_cat?post=9441"},{"taxonomy":"product_tag","embeddable":true,"href":"https:\/\/www.perfectvanwamel.com\/fr\/wp-json\/wp\/v2\/product_tag?post=9441"}],"curies":[{"name":"wp","href":"https:\/\/api.w.org\/{rel}","templated":true}]}}